{"id":3786,"date":"2019-10-23T14:33:28","date_gmt":"2019-10-23T12:33:28","guid":{"rendered":"https:\/\/www.sdvmodel.cz\/?post_type=product&#038;p=3786"},"modified":"2026-04-22T08:47:42","modified_gmt":"2026-04-22T06:47:42","slug":"20-kontejnery-csd-szd-pkp-bdz-1120","status":"publish","type":"product","link":"https:\/\/www.sdvmodel.cz\/en\/product\/containers-20-1120\/","title":{"rendered":"20\u00b4 containers \u010cSD, S\u017dD, PKP, BD\u017d 1:120"},"content":{"rendered":"<p>Complete plastic model kit. Contains colored plastic parts for 6 containers, including decals. Epoch IV.<\/p>\n<p>&nbsp;<\/p>","protected":false},"excerpt":{"rendered":"<p>Complete plastic model kit. Contains colored plastic parts for 6 containers, including decals. Epoch IV. &nbsp;<\/p>\n","protected":false},"featured_media":3805,"template":"","meta":[],"product_brand":[],"product_cat":[42,45],"product_tag":[71],"class_list":{"0":"post-3786","1":"product","2":"type-product","3":"status-publish","4":"has-post-thumbnail","6":"product_cat-meritko-1120","7":"product_cat-doplnky-meritko-1120","8":"product_tag-csd","10":"first","11":"outofstock","12":"purchasable","13":"product-type-simple"},"_links":{"self":[{"href":"https:\/\/www.sdvmodel.cz\/en\/wp-json\/wp\/v2\/product\/3786","targetHints":{"allow":["GET"]}}],"collection":[{"href":"https:\/\/www.sdvmodel.cz\/en\/wp-json\/wp\/v2\/product"}],"about":[{"href":"https:\/\/www.sdvmodel.cz\/en\/wp-json\/wp\/v2\/types\/product"}],"wp:featuredmedia":[{"embeddable":true,"href":"https:\/\/www.sdvmodel.cz\/en\/wp-json\/wp\/v2\/media\/3805"}],"wp:attachment":[{"href":"https:\/\/www.sdvmodel.cz\/en\/wp-json\/wp\/v2\/media?parent=3786"}],"wp:term":[{"taxonomy":"product_brand","embeddable":true,"href":"https:\/\/www.sdvmodel.cz\/en\/wp-json\/wp\/v2\/product_brand?post=3786"},{"taxonomy":"product_cat","embeddable":true,"href":"https:\/\/www.sdvmodel.cz\/en\/wp-json\/wp\/v2\/product_cat?post=3786"},{"taxonomy":"product_tag","embeddable":true,"href":"https:\/\/www.sdvmodel.cz\/en\/wp-json\/wp\/v2\/product_tag?post=3786"}],"curies":[{"name":"wp","href":"https:\/\/api.w.org\/{rel}","templated":true}]}}