{"id":1857,"date":"2016-10-16T16:59:44","date_gmt":"2016-10-16T16:59:44","guid":{"rendered":"https:\/\/www.plastikovestavebnice.cz\/produkt\/vojenska-maringotka-2ks-1120\/"},"modified":"2025-01-01T10:12:22","modified_gmt":"2025-01-01T09:12:22","slug":"vojenska-maringotka-2ks-1120","status":"publish","type":"product","link":"https:\/\/www.sdvmodel.cz\/en\/product\/vojenska-maringotka-2ks-1120\/","title":{"rendered":"Vojensk\u00e1 maringotka 2ks 1:120"},"content":{"rendered":"<p>Stavebnice 2ks cirkusov\u00fdch maringotek 1:120 dod\u00e1v\u00e1na ve spolupr\u00e1ci s firmou Framo 120.<\/p>\n","protected":false},"excerpt":{"rendered":"<p>Stavebnice 2ks cirkusov\u00fdch maringotek 1:120 dod\u00e1v\u00e1na ve spolupr\u00e1ci s firmou Framo 120.<\/p>\n","protected":false},"featured_media":1858,"template":"","meta":[],"product_brand":[],"product_cat":[70],"product_tag":[],"class_list":{"0":"post-1857","1":"product","2":"type-product","3":"status-publish","4":"has-post-thumbnail","6":"product_cat-nezarazene","8":"first","9":"outofstock","10":"sold-individually","11":"purchasable","12":"product-type-simple"},"_links":{"self":[{"href":"https:\/\/www.sdvmodel.cz\/en\/wp-json\/wp\/v2\/product\/1857","targetHints":{"allow":["GET"]}}],"collection":[{"href":"https:\/\/www.sdvmodel.cz\/en\/wp-json\/wp\/v2\/product"}],"about":[{"href":"https:\/\/www.sdvmodel.cz\/en\/wp-json\/wp\/v2\/types\/product"}],"wp:featuredmedia":[{"embeddable":true,"href":"https:\/\/www.sdvmodel.cz\/en\/wp-json\/wp\/v2\/media\/1858"}],"wp:attachment":[{"href":"https:\/\/www.sdvmodel.cz\/en\/wp-json\/wp\/v2\/media?parent=1857"}],"wp:term":[{"taxonomy":"product_brand","embeddable":true,"href":"https:\/\/www.sdvmodel.cz\/en\/wp-json\/wp\/v2\/product_brand?post=1857"},{"taxonomy":"product_cat","embeddable":true,"href":"https:\/\/www.sdvmodel.cz\/en\/wp-json\/wp\/v2\/product_cat?post=1857"},{"taxonomy":"product_tag","embeddable":true,"href":"https:\/\/www.sdvmodel.cz\/en\/wp-json\/wp\/v2\/product_tag?post=1857"}],"curies":[{"name":"wp","href":"https:\/\/api.w.org\/{rel}","templated":true}]}}