{"id":1710,"date":"2016-10-16T16:54:51","date_gmt":"2016-10-16T16:54:51","guid":{"rendered":"https:\/\/www.plastikovestavebnice.cz\/produkt\/praga-v3s-m6-2\/"},"modified":"2025-01-01T10:12:31","modified_gmt":"2025-01-01T09:12:31","slug":"praga-v3s-m6-2","status":"publish","type":"product","link":"https:\/\/www.sdvmodel.cz\/en\/product\/praga-v3s-m6-2\/","title":{"rendered":"Praga V3S M6"},"content":{"rendered":"<p>S hydraulickou rukou pro p\u0159epravu d\u0159eva. Kompletn\u011b p\u0159epracovan\u00e1 Praga V3S, nov\u00e9 \u0161asi, nov\u00e1  kabina, n\u00e1razn\u00edk blatn\u00edk, nov\u00e9 pneu a nov\u011b tak\u00e9 kovov\u00e9 osi\u010dky. Stavebnice obsahuje maj\u00e1k. Doprodej.<\/p>\n","protected":false},"excerpt":{"rendered":"<p>S hydraulickou rukou pro p\u0159epravu d\u0159eva. Kompletn\u011b p\u0159epracovan\u00e1 Praga V3S, nov\u00e9 \u0161asi, nov\u00e1 kabina, n\u00e1razn\u00edk blatn\u00edk, nov\u00e9 pneu a nov\u011b tak\u00e9 kovov\u00e9 osi\u010dky. Stavebnice obsahuje maj\u00e1k. Doprodej.<\/p>\n","protected":false},"featured_media":1711,"template":"","meta":[],"product_brand":[],"product_cat":[14],"product_tag":[76],"class_list":{"0":"post-1710","1":"product","2":"type-product","3":"status-publish","4":"has-post-thumbnail","6":"product_cat-posledni-kusy-187","7":"product_tag-v3s","9":"first","10":"outofstock","11":"sold-individually","12":"purchasable","13":"product-type-simple"},"_links":{"self":[{"href":"https:\/\/www.sdvmodel.cz\/en\/wp-json\/wp\/v2\/product\/1710","targetHints":{"allow":["GET"]}}],"collection":[{"href":"https:\/\/www.sdvmodel.cz\/en\/wp-json\/wp\/v2\/product"}],"about":[{"href":"https:\/\/www.sdvmodel.cz\/en\/wp-json\/wp\/v2\/types\/product"}],"wp:featuredmedia":[{"embeddable":true,"href":"https:\/\/www.sdvmodel.cz\/en\/wp-json\/wp\/v2\/media\/1711"}],"wp:attachment":[{"href":"https:\/\/www.sdvmodel.cz\/en\/wp-json\/wp\/v2\/media?parent=1710"}],"wp:term":[{"taxonomy":"product_brand","embeddable":true,"href":"https:\/\/www.sdvmodel.cz\/en\/wp-json\/wp\/v2\/product_brand?post=1710"},{"taxonomy":"product_cat","embeddable":true,"href":"https:\/\/www.sdvmodel.cz\/en\/wp-json\/wp\/v2\/product_cat?post=1710"},{"taxonomy":"product_tag","embeddable":true,"href":"https:\/\/www.sdvmodel.cz\/en\/wp-json\/wp\/v2\/product_tag?post=1710"}],"curies":[{"name":"wp","href":"https:\/\/api.w.org\/{rel}","templated":true}]}}