{"id":1698,"date":"2016-10-16T16:54:51","date_gmt":"2016-10-16T16:54:51","guid":{"rendered":"https:\/\/www.plastikovestavebnice.cz\/produkt\/tatra-813-kpa-3-10\/"},"modified":"2025-01-01T10:12:30","modified_gmt":"2025-01-01T09:12:30","slug":"tatra-813-kpa-3-10","status":"publish","type":"product","link":"https:\/\/www.sdvmodel.cz\/en\/product\/tatra-813-kpa-3-10\/","title":{"rendered":"Tatra 813 KPA 3-10"},"content":{"rendered":"<p><\/p>\n<p>Kombinovan\u00fd hasi\u010dsk\u00fd v\u016fz. Stavebnice obsahuje 17 v\u00fdlisk\u016f, sadu SPZ, obtisky, maj\u00e1ky a n\u00e1vod. Tento model m\u00e1 nov\u00e9 \u0161asi! Doprodej.<\/p>\n<p><\/p>","protected":false},"excerpt":{"rendered":"<p>Kombinovan\u00fd hasi\u010dsk\u00fd v\u016fz. Stavebnice obsahuje 17 v\u00fdlisk\u016f, sadu SPZ, obtisky, maj\u00e1ky a n\u00e1vod. Tento model m\u00e1 nov\u00e9 \u0161asi!<\/p>\n","protected":false},"featured_media":1699,"template":"","meta":[],"product_brand":[],"product_cat":[14],"product_tag":[65],"class_list":{"0":"post-1698","1":"product","2":"type-product","3":"status-publish","4":"has-post-thumbnail","6":"product_cat-posledni-kusy-187","7":"product_tag-tatra","9":"first","10":"outofstock","11":"sold-individually","12":"purchasable","13":"product-type-simple"},"_links":{"self":[{"href":"https:\/\/www.sdvmodel.cz\/en\/wp-json\/wp\/v2\/product\/1698","targetHints":{"allow":["GET"]}}],"collection":[{"href":"https:\/\/www.sdvmodel.cz\/en\/wp-json\/wp\/v2\/product"}],"about":[{"href":"https:\/\/www.sdvmodel.cz\/en\/wp-json\/wp\/v2\/types\/product"}],"wp:featuredmedia":[{"embeddable":true,"href":"https:\/\/www.sdvmodel.cz\/en\/wp-json\/wp\/v2\/media\/1699"}],"wp:attachment":[{"href":"https:\/\/www.sdvmodel.cz\/en\/wp-json\/wp\/v2\/media?parent=1698"}],"wp:term":[{"taxonomy":"product_brand","embeddable":true,"href":"https:\/\/www.sdvmodel.cz\/en\/wp-json\/wp\/v2\/product_brand?post=1698"},{"taxonomy":"product_cat","embeddable":true,"href":"https:\/\/www.sdvmodel.cz\/en\/wp-json\/wp\/v2\/product_cat?post=1698"},{"taxonomy":"product_tag","embeddable":true,"href":"https:\/\/www.sdvmodel.cz\/en\/wp-json\/wp\/v2\/product_tag?post=1698"}],"curies":[{"name":"wp","href":"https:\/\/api.w.org\/{rel}","templated":true}]}}