{"id":1611,"date":"2016-10-16T16:50:43","date_gmt":"2016-10-16T16:50:43","guid":{"rendered":"https:\/\/www.plastikovestavebnice.cz\/produkt\/orlican-n12ch-radegast\/"},"modified":"2020-11-13T22:11:06","modified_gmt":"2020-11-13T21:11:06","slug":"orlican-n12ch-radegast","status":"publish","type":"product","link":"https:\/\/www.sdvmodel.cz\/en\/product\/orlican-n12ch-radegast\/","title":{"rendered":"Orli\u010dan N12CH Radegast"},"content":{"rendered":"<p>N\u00e1v\u011bs, stavebnice obsahuje obtisky. Doprodej.<\/p>\n","protected":false},"excerpt":{"rendered":"<p>N\u00e1v\u011bs, stavebnice obsahuje obtisky. Doprodej.<\/p>\n","protected":false},"featured_media":1612,"template":"","meta":[],"product_brand":[],"product_cat":[14],"product_tag":[],"class_list":{"0":"post-1611","1":"product","2":"type-product","3":"status-publish","4":"has-post-thumbnail","6":"product_cat-posledni-kusy-187","8":"first","9":"outofstock","10":"sold-individually","11":"purchasable","12":"product-type-simple"},"_links":{"self":[{"href":"https:\/\/www.sdvmodel.cz\/en\/wp-json\/wp\/v2\/product\/1611","targetHints":{"allow":["GET"]}}],"collection":[{"href":"https:\/\/www.sdvmodel.cz\/en\/wp-json\/wp\/v2\/product"}],"about":[{"href":"https:\/\/www.sdvmodel.cz\/en\/wp-json\/wp\/v2\/types\/product"}],"wp:featuredmedia":[{"embeddable":true,"href":"https:\/\/www.sdvmodel.cz\/en\/wp-json\/wp\/v2\/media\/1612"}],"wp:attachment":[{"href":"https:\/\/www.sdvmodel.cz\/en\/wp-json\/wp\/v2\/media?parent=1611"}],"wp:term":[{"taxonomy":"product_brand","embeddable":true,"href":"https:\/\/www.sdvmodel.cz\/en\/wp-json\/wp\/v2\/product_brand?post=1611"},{"taxonomy":"product_cat","embeddable":true,"href":"https:\/\/www.sdvmodel.cz\/en\/wp-json\/wp\/v2\/product_cat?post=1611"},{"taxonomy":"product_tag","embeddable":true,"href":"https:\/\/www.sdvmodel.cz\/en\/wp-json\/wp\/v2\/product_tag?post=1611"}],"curies":[{"name":"wp","href":"https:\/\/api.w.org\/{rel}","templated":true}]}}