{"id":1601,"date":"2016-10-16T16:50:43","date_gmt":"2016-10-16T16:50:43","guid":{"rendered":"https:\/\/www.plastikovestavebnice.cz\/produkt\/karosa-lc-735-3\/"},"modified":"2025-04-10T17:14:13","modified_gmt":"2025-04-10T15:14:13","slug":"karosa-lc-735-3","status":"publish","type":"product","link":"https:\/\/www.sdvmodel.cz\/en\/product\/karosa-lc-735-3\/","title":{"rendered":"Karosa LC-735"},"content":{"rendered":"<p>Z\u00e1jezdov\u00fd autobus Probo Trans Beroun. Stavebnice obsahuje sadu SPZ a obtisky. Barevn\u00e1 \u00faprava je \u0159e\u0161ena obtisky. Doprodej.<\/p>\n","protected":false},"excerpt":{"rendered":"<p>Z\u00e1jezdov\u00fd autobus Probo Trans Beroun. Stavebnice obsahuje sadu SPZ a obtisky. Barevn\u00e1 \u00faprava je \u0159e\u0161ena obtisky. Doprodej.<\/p>\n","protected":false},"featured_media":1602,"template":"","meta":[],"product_brand":[],"product_cat":[14],"product_tag":[],"class_list":{"0":"post-1601","1":"product","2":"type-product","3":"status-publish","4":"has-post-thumbnail","6":"product_cat-posledni-kusy-187","8":"first","9":"outofstock","10":"sold-individually","11":"purchasable","12":"product-type-simple"},"_links":{"self":[{"href":"https:\/\/www.sdvmodel.cz\/en\/wp-json\/wp\/v2\/product\/1601","targetHints":{"allow":["GET"]}}],"collection":[{"href":"https:\/\/www.sdvmodel.cz\/en\/wp-json\/wp\/v2\/product"}],"about":[{"href":"https:\/\/www.sdvmodel.cz\/en\/wp-json\/wp\/v2\/types\/product"}],"wp:featuredmedia":[{"embeddable":true,"href":"https:\/\/www.sdvmodel.cz\/en\/wp-json\/wp\/v2\/media\/1602"}],"wp:attachment":[{"href":"https:\/\/www.sdvmodel.cz\/en\/wp-json\/wp\/v2\/media?parent=1601"}],"wp:term":[{"taxonomy":"product_brand","embeddable":true,"href":"https:\/\/www.sdvmodel.cz\/en\/wp-json\/wp\/v2\/product_brand?post=1601"},{"taxonomy":"product_cat","embeddable":true,"href":"https:\/\/www.sdvmodel.cz\/en\/wp-json\/wp\/v2\/product_cat?post=1601"},{"taxonomy":"product_tag","embeddable":true,"href":"https:\/\/www.sdvmodel.cz\/en\/wp-json\/wp\/v2\/product_tag?post=1601"}],"curies":[{"name":"wp","href":"https:\/\/api.w.org\/{rel}","templated":true}]}}