{"id":1551,"date":"2016-10-16T16:48:04","date_gmt":"2016-10-16T16:48:04","guid":{"rendered":"https:\/\/www.plastikovestavebnice.cz\/produkt\/praga-s5t3\/"},"modified":"2024-12-21T11:55:52","modified_gmt":"2024-12-21T10:55:52","slug":"praga-s5t3","status":"publish","type":"product","link":"https:\/\/www.sdvmodel.cz\/en\/product\/praga-s5t3\/","title":{"rendered":"Praga S5T3"},"content":{"rendered":"<p>Zv\u00fd\u0161en\u00fd valn\u00edk s uhl\u00edm. Pro pokro\u010dil\u00e9 model\u00e1\u0159e. Doprodej.<\/p>\n","protected":false},"excerpt":{"rendered":"<p>Zv\u00fd\u0161en\u00fd valn\u00edk s uhl\u00edm. Pro pokro\u010dil\u00e9 model\u00e1\u0159e. Doprodej.<\/p>\n","protected":false},"featured_media":1552,"template":"","meta":[],"product_brand":[],"product_cat":[14],"product_tag":[],"class_list":{"0":"post-1551","1":"product","2":"type-product","3":"status-publish","4":"has-post-thumbnail","6":"product_cat-posledni-kusy-187","8":"first","9":"outofstock","10":"sold-individually","11":"purchasable","12":"product-type-simple"},"_links":{"self":[{"href":"https:\/\/www.sdvmodel.cz\/en\/wp-json\/wp\/v2\/product\/1551","targetHints":{"allow":["GET"]}}],"collection":[{"href":"https:\/\/www.sdvmodel.cz\/en\/wp-json\/wp\/v2\/product"}],"about":[{"href":"https:\/\/www.sdvmodel.cz\/en\/wp-json\/wp\/v2\/types\/product"}],"wp:featuredmedia":[{"embeddable":true,"href":"https:\/\/www.sdvmodel.cz\/en\/wp-json\/wp\/v2\/media\/1552"}],"wp:attachment":[{"href":"https:\/\/www.sdvmodel.cz\/en\/wp-json\/wp\/v2\/media?parent=1551"}],"wp:term":[{"taxonomy":"product_brand","embeddable":true,"href":"https:\/\/www.sdvmodel.cz\/en\/wp-json\/wp\/v2\/product_brand?post=1551"},{"taxonomy":"product_cat","embeddable":true,"href":"https:\/\/www.sdvmodel.cz\/en\/wp-json\/wp\/v2\/product_cat?post=1551"},{"taxonomy":"product_tag","embeddable":true,"href":"https:\/\/www.sdvmodel.cz\/en\/wp-json\/wp\/v2\/product_tag?post=1551"}],"curies":[{"name":"wp","href":"https:\/\/api.w.org\/{rel}","templated":true}]}}