{"id":1517,"date":"2016-10-16T16:47:05","date_gmt":"2016-10-16T16:47:05","guid":{"rendered":"https:\/\/www.plastikovestavebnice.cz\/produkt\/praga-uv-80-3\/"},"modified":"2024-12-21T11:55:54","modified_gmt":"2024-12-21T10:55:54","slug":"praga-uv-80-3","status":"publish","type":"product","link":"https:\/\/www.sdvmodel.cz\/en\/product\/praga-uv-80-3\/","title":{"rendered":"Praga UV-80"},"content":{"rendered":"<p>B\u00e1\u0148sk\u00e1 zachrann\u00e1 slu\u017eba. Model obsahuje obtisky na dv\u011b verze a a maj\u00e1ky. Doprodej.<\/p>\n","protected":false},"excerpt":{"rendered":"<p>B\u00e1\u0148sk\u00e1 zachrann\u00e1 slu\u017eba. Model obsahuje obtisky na dv\u011b verze a a maj\u00e1ky. Doprodej.<\/p>\n","protected":false},"featured_media":33,"template":"","meta":[],"product_brand":[],"product_cat":[14],"product_tag":[],"class_list":{"0":"post-1517","1":"product","2":"type-product","3":"status-publish","4":"has-post-thumbnail","6":"product_cat-posledni-kusy-187","8":"first","9":"outofstock","10":"sold-individually","11":"purchasable","12":"product-type-simple"},"_links":{"self":[{"href":"https:\/\/www.sdvmodel.cz\/en\/wp-json\/wp\/v2\/product\/1517","targetHints":{"allow":["GET"]}}],"collection":[{"href":"https:\/\/www.sdvmodel.cz\/en\/wp-json\/wp\/v2\/product"}],"about":[{"href":"https:\/\/www.sdvmodel.cz\/en\/wp-json\/wp\/v2\/types\/product"}],"wp:featuredmedia":[{"embeddable":true,"href":"https:\/\/www.sdvmodel.cz\/en\/wp-json\/wp\/v2\/media\/33"}],"wp:attachment":[{"href":"https:\/\/www.sdvmodel.cz\/en\/wp-json\/wp\/v2\/media?parent=1517"}],"wp:term":[{"taxonomy":"product_brand","embeddable":true,"href":"https:\/\/www.sdvmodel.cz\/en\/wp-json\/wp\/v2\/product_brand?post=1517"},{"taxonomy":"product_cat","embeddable":true,"href":"https:\/\/www.sdvmodel.cz\/en\/wp-json\/wp\/v2\/product_cat?post=1517"},{"taxonomy":"product_tag","embeddable":true,"href":"https:\/\/www.sdvmodel.cz\/en\/wp-json\/wp\/v2\/product_tag?post=1517"}],"curies":[{"name":"wp","href":"https:\/\/api.w.org\/{rel}","templated":true}]}}