{"id":1423,"date":"2016-10-16T16:43:11","date_gmt":"2016-10-16T16:43:11","guid":{"rendered":"https:\/\/www.plastikovestavebnice.cz\/produkt\/orlican-n12ch-3\/"},"modified":"2020-12-19T17:38:53","modified_gmt":"2020-12-19T16:38:53","slug":"orlican-n12ch-3","status":"publish","type":"product","link":"https:\/\/www.sdvmodel.cz\/en\/product\/orlican-n12ch-3\/","title":{"rendered":"Orli\u010dan N12CH"},"content":{"rendered":"<p>Chlad\u00edrensk\u00fd n\u00e1v\u011bs Samson, doprodej.<\/p>\n","protected":false},"excerpt":{"rendered":"<p>Chlad\u00edrensk\u00fd n\u00e1v\u011bs Samson, doprodej.<\/p>\n","protected":false},"featured_media":1424,"template":"","meta":[],"product_brand":[],"product_cat":[14],"product_tag":[],"class_list":{"0":"post-1423","1":"product","2":"type-product","3":"status-publish","4":"has-post-thumbnail","6":"product_cat-posledni-kusy-187","8":"first","9":"outofstock","10":"sold-individually","11":"purchasable","12":"product-type-simple"},"_links":{"self":[{"href":"https:\/\/www.sdvmodel.cz\/en\/wp-json\/wp\/v2\/product\/1423","targetHints":{"allow":["GET"]}}],"collection":[{"href":"https:\/\/www.sdvmodel.cz\/en\/wp-json\/wp\/v2\/product"}],"about":[{"href":"https:\/\/www.sdvmodel.cz\/en\/wp-json\/wp\/v2\/types\/product"}],"wp:featuredmedia":[{"embeddable":true,"href":"https:\/\/www.sdvmodel.cz\/en\/wp-json\/wp\/v2\/media\/1424"}],"wp:attachment":[{"href":"https:\/\/www.sdvmodel.cz\/en\/wp-json\/wp\/v2\/media?parent=1423"}],"wp:term":[{"taxonomy":"product_brand","embeddable":true,"href":"https:\/\/www.sdvmodel.cz\/en\/wp-json\/wp\/v2\/product_brand?post=1423"},{"taxonomy":"product_cat","embeddable":true,"href":"https:\/\/www.sdvmodel.cz\/en\/wp-json\/wp\/v2\/product_cat?post=1423"},{"taxonomy":"product_tag","embeddable":true,"href":"https:\/\/www.sdvmodel.cz\/en\/wp-json\/wp\/v2\/product_tag?post=1423"}],"curies":[{"name":"wp","href":"https:\/\/api.w.org\/{rel}","templated":true}]}}