{"id":1403,"date":"2016-10-16T16:43:11","date_gmt":"2016-10-16T16:43:11","guid":{"rendered":"https:\/\/www.plastikovestavebnice.cz\/produkt\/stredni-mostova-souprava-1-dil\/"},"modified":"2020-11-13T22:12:41","modified_gmt":"2020-11-13T21:12:41","slug":"stredni-mostova-souprava-1-dil","status":"publish","type":"product","link":"https:\/\/www.sdvmodel.cz\/en\/product\/stredni-mostova-souprava-1-dil\/","title":{"rendered":"St\u0159edn\u00ed mostov\u00e1 souprava 1. d\u00edl"},"content":{"rendered":"<p><span style=\"color: #000000\"><span class=\"itemDescription\">Set obsahuje: 1x <strong>Praga V3S<\/strong> se soupravou <strong>\u010dlun\u016f <\/strong>(<\/span><\/span>kompletn\u011b p\u0159epracovan\u00e1 Praga V3S, nov\u00e9 \u0161asi, nov\u00e1  kabina, n\u00e1razn\u00edk blatn\u00edk, nov\u00e9 pneu),<span style=\"color: #000000\"><span class=\"itemDescription\"> 1x <strong>Tatra 111<\/strong> se soupravou <strong>mostn\u00edch d\u00edl\u016f<\/strong> a lze z n\u011bho postavit <strong>40 t mostu o d\u00e9lce 135 mm<\/strong> nebo <strong>60 t mostu o d\u00e9lce 90 mm. <\/strong>Model obsahuje obtisky. Doprodej.<br \/><\/span><\/span><\/p>\n","protected":false},"excerpt":{"rendered":"<p>Set obsahuje: 1x Praga V3S se soupravou \u010dlun\u016f (kompletn\u011b p\u0159epracovan\u00e1 Praga V3S, nov\u00e9 \u0161asi, nov\u00e1 kabina, n\u00e1razn\u00edk blatn\u00edk, nov\u00e9 pneu), 1x Tatra 111 se soupravou mostn\u00edch d\u00edl\u016f a lze z n\u011bho postavit 40 t mostu o d\u00e9lce 135 mm nebo&#8230;<br \/><a class=\"read-more-button\" href=\"https:\/\/www.sdvmodel.cz\/en\/product\/stredni-mostova-souprava-1-dil\/\">Read more<\/a><\/p>\n","protected":false},"featured_media":1404,"template":"","meta":[],"product_brand":[],"product_cat":[14],"product_tag":[65,76],"class_list":{"0":"post-1403","1":"product","2":"type-product","3":"status-publish","4":"has-post-thumbnail","6":"product_cat-posledni-kusy-187","7":"product_tag-tatra","8":"product_tag-v3s","10":"first","11":"outofstock","12":"sold-individually","13":"purchasable","14":"product-type-simple"},"_links":{"self":[{"href":"https:\/\/www.sdvmodel.cz\/en\/wp-json\/wp\/v2\/product\/1403","targetHints":{"allow":["GET"]}}],"collection":[{"href":"https:\/\/www.sdvmodel.cz\/en\/wp-json\/wp\/v2\/product"}],"about":[{"href":"https:\/\/www.sdvmodel.cz\/en\/wp-json\/wp\/v2\/types\/product"}],"wp:featuredmedia":[{"embeddable":true,"href":"https:\/\/www.sdvmodel.cz\/en\/wp-json\/wp\/v2\/media\/1404"}],"wp:attachment":[{"href":"https:\/\/www.sdvmodel.cz\/en\/wp-json\/wp\/v2\/media?parent=1403"}],"wp:term":[{"taxonomy":"product_brand","embeddable":true,"href":"https:\/\/www.sdvmodel.cz\/en\/wp-json\/wp\/v2\/product_brand?post=1403"},{"taxonomy":"product_cat","embeddable":true,"href":"https:\/\/www.sdvmodel.cz\/en\/wp-json\/wp\/v2\/product_cat?post=1403"},{"taxonomy":"product_tag","embeddable":true,"href":"https:\/\/www.sdvmodel.cz\/en\/wp-json\/wp\/v2\/product_tag?post=1403"}],"curies":[{"name":"wp","href":"https:\/\/api.w.org\/{rel}","templated":true}]}}