{"id":1282,"date":"2016-10-16T16:36:17","date_gmt":"2016-10-16T16:36:17","guid":{"rendered":"https:\/\/www.plastikovestavebnice.cz\/produkt\/spz-manipulacni\/"},"modified":"2021-07-16T13:10:42","modified_gmt":"2021-07-16T11:10:42","slug":"spz-manipulacni","status":"publish","type":"product","link":"https:\/\/www.sdvmodel.cz\/en\/product\/spz-manipulacni\/","title":{"rendered":"SPZ manipula\u010dn\u00ed"},"content":{"rendered":"<p>Samolep\u00edc\u00ed f\u00f3lie.<\/p>\n","protected":false},"excerpt":{"rendered":"<p>SPZ manipula\u010dn\u00ed<\/p>\n","protected":false},"featured_media":1283,"template":"","meta":[],"product_brand":[],"product_cat":[9],"product_tag":[],"class_list":{"0":"post-1282","1":"product","2":"type-product","3":"status-publish","4":"has-post-thumbnail","6":"product_cat-doplnky-187","8":"first","9":"outofstock","10":"sold-individually","11":"purchasable","12":"product-type-simple"},"_links":{"self":[{"href":"https:\/\/www.sdvmodel.cz\/en\/wp-json\/wp\/v2\/product\/1282","targetHints":{"allow":["GET"]}}],"collection":[{"href":"https:\/\/www.sdvmodel.cz\/en\/wp-json\/wp\/v2\/product"}],"about":[{"href":"https:\/\/www.sdvmodel.cz\/en\/wp-json\/wp\/v2\/types\/product"}],"wp:featuredmedia":[{"embeddable":true,"href":"https:\/\/www.sdvmodel.cz\/en\/wp-json\/wp\/v2\/media\/1283"}],"wp:attachment":[{"href":"https:\/\/www.sdvmodel.cz\/en\/wp-json\/wp\/v2\/media?parent=1282"}],"wp:term":[{"taxonomy":"product_brand","embeddable":true,"href":"https:\/\/www.sdvmodel.cz\/en\/wp-json\/wp\/v2\/product_brand?post=1282"},{"taxonomy":"product_cat","embeddable":true,"href":"https:\/\/www.sdvmodel.cz\/en\/wp-json\/wp\/v2\/product_cat?post=1282"},{"taxonomy":"product_tag","embeddable":true,"href":"https:\/\/www.sdvmodel.cz\/en\/wp-json\/wp\/v2\/product_tag?post=1282"}],"curies":[{"name":"wp","href":"https:\/\/api.w.org\/{rel}","templated":true}]}}