{"id":1268,"date":"2016-10-16T16:34:15","date_gmt":"2016-10-16T16:34:15","guid":{"rendered":"https:\/\/www.plastikovestavebnice.cz\/produkt\/brezovy-haj-9ks-45-14cm\/"},"modified":"2020-11-13T22:12:42","modified_gmt":"2020-11-13T21:12:42","slug":"brezovy-haj-9ks-45-14cm","status":"publish","type":"product","link":"https:\/\/www.sdvmodel.cz\/en\/product\/brezovy-haj-9ks-45-14cm\/","title":{"rendered":"B\u0159ezov\u00fd h\u00e1j (9ks) 4,5- 14cm"},"content":{"rendered":"","protected":false},"excerpt":{"rendered":"<p>B\u0159ezov\u00fd h\u00e1j (9ks) 4,5- 14cm<\/p>\n","protected":false},"featured_media":1269,"template":"","meta":[],"product_brand":[],"product_cat":[9],"product_tag":[],"class_list":{"0":"post-1268","1":"product","2":"type-product","3":"status-publish","4":"has-post-thumbnail","6":"product_cat-doplnky-187","8":"first","9":"outofstock","10":"sold-individually","11":"purchasable","12":"product-type-simple"},"_links":{"self":[{"href":"https:\/\/www.sdvmodel.cz\/en\/wp-json\/wp\/v2\/product\/1268","targetHints":{"allow":["GET"]}}],"collection":[{"href":"https:\/\/www.sdvmodel.cz\/en\/wp-json\/wp\/v2\/product"}],"about":[{"href":"https:\/\/www.sdvmodel.cz\/en\/wp-json\/wp\/v2\/types\/product"}],"wp:featuredmedia":[{"embeddable":true,"href":"https:\/\/www.sdvmodel.cz\/en\/wp-json\/wp\/v2\/media\/1269"}],"wp:attachment":[{"href":"https:\/\/www.sdvmodel.cz\/en\/wp-json\/wp\/v2\/media?parent=1268"}],"wp:term":[{"taxonomy":"product_brand","embeddable":true,"href":"https:\/\/www.sdvmodel.cz\/en\/wp-json\/wp\/v2\/product_brand?post=1268"},{"taxonomy":"product_cat","embeddable":true,"href":"https:\/\/www.sdvmodel.cz\/en\/wp-json\/wp\/v2\/product_cat?post=1268"},{"taxonomy":"product_tag","embeddable":true,"href":"https:\/\/www.sdvmodel.cz\/en\/wp-json\/wp\/v2\/product_tag?post=1268"}],"curies":[{"name":"wp","href":"https:\/\/api.w.org\/{rel}","templated":true}]}}