{"id":1250,"date":"2016-10-16T16:34:15","date_gmt":"2016-10-16T16:34:15","guid":{"rendered":"https:\/\/www.plastikovestavebnice.cz\/produkt\/serik-bily-2ks-cca-9cm\/"},"modified":"2020-11-13T22:12:42","modified_gmt":"2020-11-13T21:12:42","slug":"serik-bily-2ks-cca-9cm","status":"publish","type":"product","link":"https:\/\/www.sdvmodel.cz\/en\/product\/serik-bily-2ks-cca-9cm\/","title":{"rendered":"\u0160e\u0159\u00edk b\u00edl\u00fd (2ks) cca 9cm"},"content":{"rendered":"","protected":false},"excerpt":{"rendered":"<p>\u0160e\u0159\u00edk b\u00edl\u00fd (2ks) cca 9cm<\/p>\n","protected":false},"featured_media":1251,"template":"","meta":[],"product_brand":[],"product_cat":[9],"product_tag":[],"class_list":{"0":"post-1250","1":"product","2":"type-product","3":"status-publish","4":"has-post-thumbnail","6":"product_cat-doplnky-187","8":"first","9":"outofstock","10":"sold-individually","11":"purchasable","12":"product-type-simple"},"_links":{"self":[{"href":"https:\/\/www.sdvmodel.cz\/en\/wp-json\/wp\/v2\/product\/1250","targetHints":{"allow":["GET"]}}],"collection":[{"href":"https:\/\/www.sdvmodel.cz\/en\/wp-json\/wp\/v2\/product"}],"about":[{"href":"https:\/\/www.sdvmodel.cz\/en\/wp-json\/wp\/v2\/types\/product"}],"wp:featuredmedia":[{"embeddable":true,"href":"https:\/\/www.sdvmodel.cz\/en\/wp-json\/wp\/v2\/media\/1251"}],"wp:attachment":[{"href":"https:\/\/www.sdvmodel.cz\/en\/wp-json\/wp\/v2\/media?parent=1250"}],"wp:term":[{"taxonomy":"product_brand","embeddable":true,"href":"https:\/\/www.sdvmodel.cz\/en\/wp-json\/wp\/v2\/product_brand?post=1250"},{"taxonomy":"product_cat","embeddable":true,"href":"https:\/\/www.sdvmodel.cz\/en\/wp-json\/wp\/v2\/product_cat?post=1250"},{"taxonomy":"product_tag","embeddable":true,"href":"https:\/\/www.sdvmodel.cz\/en\/wp-json\/wp\/v2\/product_tag?post=1250"}],"curies":[{"name":"wp","href":"https:\/\/api.w.org\/{rel}","templated":true}]}}