{"id":1220,"date":"2016-10-16T16:32:41","date_gmt":"2016-10-16T16:32:41","guid":{"rendered":"https:\/\/www.plastikovestavebnice.cz\/produkt\/perlit-jemny-svetlehnedy-24g\/"},"modified":"2020-11-13T22:12:42","modified_gmt":"2020-11-13T21:12:42","slug":"perlit-jemny-svetlehnedy-24g","status":"publish","type":"product","link":"https:\/\/www.sdvmodel.cz\/en\/product\/perlit-jemny-svetlehnedy-24g\/","title":{"rendered":"Perlit jemn\u00fd sv\u011btlehn\u011bd\u00fd 24g"},"content":{"rendered":"","protected":false},"excerpt":{"rendered":"<p>Perlit jemn\u00fd sv\u011btlehn\u011bd\u00fd 24g<\/p>\n","protected":false},"featured_media":1221,"template":"","meta":[],"product_brand":[],"product_cat":[9],"product_tag":[],"class_list":{"0":"post-1220","1":"product","2":"type-product","3":"status-publish","4":"has-post-thumbnail","6":"product_cat-doplnky-187","8":"first","9":"outofstock","10":"sold-individually","11":"purchasable","12":"product-type-simple"},"_links":{"self":[{"href":"https:\/\/www.sdvmodel.cz\/en\/wp-json\/wp\/v2\/product\/1220","targetHints":{"allow":["GET"]}}],"collection":[{"href":"https:\/\/www.sdvmodel.cz\/en\/wp-json\/wp\/v2\/product"}],"about":[{"href":"https:\/\/www.sdvmodel.cz\/en\/wp-json\/wp\/v2\/types\/product"}],"wp:featuredmedia":[{"embeddable":true,"href":"https:\/\/www.sdvmodel.cz\/en\/wp-json\/wp\/v2\/media\/1221"}],"wp:attachment":[{"href":"https:\/\/www.sdvmodel.cz\/en\/wp-json\/wp\/v2\/media?parent=1220"}],"wp:term":[{"taxonomy":"product_brand","embeddable":true,"href":"https:\/\/www.sdvmodel.cz\/en\/wp-json\/wp\/v2\/product_brand?post=1220"},{"taxonomy":"product_cat","embeddable":true,"href":"https:\/\/www.sdvmodel.cz\/en\/wp-json\/wp\/v2\/product_cat?post=1220"},{"taxonomy":"product_tag","embeddable":true,"href":"https:\/\/www.sdvmodel.cz\/en\/wp-json\/wp\/v2\/product_tag?post=1220"}],"curies":[{"name":"wp","href":"https:\/\/api.w.org\/{rel}","templated":true}]}}