{"id":1156,"date":"2016-10-16T16:27:31","date_gmt":"2016-10-16T16:27:31","guid":{"rendered":"https:\/\/www.plastikovestavebnice.cz\/produkt\/vitrina-s-pruhlednym-prekrytem-na-diorama\/"},"modified":"2020-11-13T22:12:42","modified_gmt":"2020-11-13T21:12:42","slug":"vitrina-s-pruhlednym-prekrytem-na-diorama","status":"publish","type":"product","link":"https:\/\/www.sdvmodel.cz\/en\/product\/vitrina-s-pruhlednym-prekrytem-na-diorama\/","title":{"rendered":"Vitr\u00edna s pr\u016fhledn\u00fdm p\u0159ekrytem na dior\u00e1ma"},"content":{"rendered":"","protected":false},"excerpt":{"rendered":"<p>Vitr\u00edna s pr\u016fhledn\u00fdm p\u0159ekrytem na dior\u00e1ma<\/p>\n","protected":false},"featured_media":1157,"template":"","meta":[],"product_brand":[],"product_cat":[9],"product_tag":[],"class_list":{"0":"post-1156","1":"product","2":"type-product","3":"status-publish","4":"has-post-thumbnail","6":"product_cat-doplnky-187","8":"first","9":"outofstock","10":"sold-individually","11":"purchasable","12":"product-type-simple"},"_links":{"self":[{"href":"https:\/\/www.sdvmodel.cz\/en\/wp-json\/wp\/v2\/product\/1156","targetHints":{"allow":["GET"]}}],"collection":[{"href":"https:\/\/www.sdvmodel.cz\/en\/wp-json\/wp\/v2\/product"}],"about":[{"href":"https:\/\/www.sdvmodel.cz\/en\/wp-json\/wp\/v2\/types\/product"}],"wp:featuredmedia":[{"embeddable":true,"href":"https:\/\/www.sdvmodel.cz\/en\/wp-json\/wp\/v2\/media\/1157"}],"wp:attachment":[{"href":"https:\/\/www.sdvmodel.cz\/en\/wp-json\/wp\/v2\/media?parent=1156"}],"wp:term":[{"taxonomy":"product_brand","embeddable":true,"href":"https:\/\/www.sdvmodel.cz\/en\/wp-json\/wp\/v2\/product_brand?post=1156"},{"taxonomy":"product_cat","embeddable":true,"href":"https:\/\/www.sdvmodel.cz\/en\/wp-json\/wp\/v2\/product_cat?post=1156"},{"taxonomy":"product_tag","embeddable":true,"href":"https:\/\/www.sdvmodel.cz\/en\/wp-json\/wp\/v2\/product_tag?post=1156"}],"curies":[{"name":"wp","href":"https:\/\/api.w.org\/{rel}","templated":true}]}}