{"id":11521,"date":"2024-12-10T15:15:53","date_gmt":"2024-12-10T14:15:53","guid":{"rendered":"https:\/\/www.sdvmodel.cz\/?post_type=product&#038;p=11521"},"modified":"2026-04-21T14:21:45","modified_gmt":"2026-04-21T12:21:45","slug":"kontejnery-iso-1c-187","status":"publish","type":"product","link":"https:\/\/www.sdvmodel.cz\/en\/product\/containers-iso-1c-187\/","title":{"rendered":"Containers ISO 1C, 6 pcs 1:87"},"content":{"rendered":"<p>Complete plastic model kit. Contains colored plastic parts for 6 models, including decals. \u010cSKD Intrans, S\u017dD, PKP, BD\u017d, Epoch IV.<\/p>","protected":false},"excerpt":{"rendered":"<p>Complete plastic model kit. Contains colored plastic parts for 6 models, including decals. \u010cSKD Intrans, S\u017dD, PKP, BD\u017d, Epoch IV.<\/p>\n","protected":false},"featured_media":11527,"template":"","meta":[],"product_brand":[],"product_cat":[20,9],"product_tag":[94],"class_list":{"0":"post-11521","1":"product","2":"type-product","3":"status-publish","4":"has-post-thumbnail","6":"product_cat-meritko-187","7":"product_cat-doplnky-187","8":"product_tag-bez-nutnosti-barvit","10":"first","11":"instock","12":"purchasable","13":"product-type-simple"},"_links":{"self":[{"href":"https:\/\/www.sdvmodel.cz\/en\/wp-json\/wp\/v2\/product\/11521","targetHints":{"allow":["GET"]}}],"collection":[{"href":"https:\/\/www.sdvmodel.cz\/en\/wp-json\/wp\/v2\/product"}],"about":[{"href":"https:\/\/www.sdvmodel.cz\/en\/wp-json\/wp\/v2\/types\/product"}],"wp:featuredmedia":[{"embeddable":true,"href":"https:\/\/www.sdvmodel.cz\/en\/wp-json\/wp\/v2\/media\/11527"}],"wp:attachment":[{"href":"https:\/\/www.sdvmodel.cz\/en\/wp-json\/wp\/v2\/media?parent=11521"}],"wp:term":[{"taxonomy":"product_brand","embeddable":true,"href":"https:\/\/www.sdvmodel.cz\/en\/wp-json\/wp\/v2\/product_brand?post=11521"},{"taxonomy":"product_cat","embeddable":true,"href":"https:\/\/www.sdvmodel.cz\/en\/wp-json\/wp\/v2\/product_cat?post=11521"},{"taxonomy":"product_tag","embeddable":true,"href":"https:\/\/www.sdvmodel.cz\/en\/wp-json\/wp\/v2\/product_tag?post=11521"}],"curies":[{"name":"wp","href":"https:\/\/api.w.org\/{rel}","templated":true}]}}