{"id":1118,"date":"2016-10-16T16:26:06","date_gmt":"2016-10-16T16:26:06","guid":{"rendered":"https:\/\/www.plastikovestavebnice.cz\/produkt\/sada-spz-zkusebni\/"},"modified":"2022-01-01T12:18:07","modified_gmt":"2022-01-01T11:18:07","slug":"sada-spz-zkusebni","status":"publish","type":"product","link":"https:\/\/www.sdvmodel.cz\/en\/product\/sada-spz-zkusebni\/","title":{"rendered":"Sada SPZ zku\u0161ebn\u00ed"},"content":{"rendered":"<p>Samolep\u00edc\u00ed f\u00f3lie.<\/p>\n","protected":false},"excerpt":{"rendered":"<p>Sada SPZ zku\u0161ebn\u00ed<\/p>\n","protected":false},"featured_media":1119,"template":"","meta":[],"product_brand":[],"product_cat":[9],"product_tag":[],"class_list":{"0":"post-1118","1":"product","2":"type-product","3":"status-publish","4":"has-post-thumbnail","6":"product_cat-doplnky-187","8":"first","9":"outofstock","10":"sold-individually","11":"purchasable","12":"product-type-simple"},"_links":{"self":[{"href":"https:\/\/www.sdvmodel.cz\/en\/wp-json\/wp\/v2\/product\/1118","targetHints":{"allow":["GET"]}}],"collection":[{"href":"https:\/\/www.sdvmodel.cz\/en\/wp-json\/wp\/v2\/product"}],"about":[{"href":"https:\/\/www.sdvmodel.cz\/en\/wp-json\/wp\/v2\/types\/product"}],"wp:featuredmedia":[{"embeddable":true,"href":"https:\/\/www.sdvmodel.cz\/en\/wp-json\/wp\/v2\/media\/1119"}],"wp:attachment":[{"href":"https:\/\/www.sdvmodel.cz\/en\/wp-json\/wp\/v2\/media?parent=1118"}],"wp:term":[{"taxonomy":"product_brand","embeddable":true,"href":"https:\/\/www.sdvmodel.cz\/en\/wp-json\/wp\/v2\/product_brand?post=1118"},{"taxonomy":"product_cat","embeddable":true,"href":"https:\/\/www.sdvmodel.cz\/en\/wp-json\/wp\/v2\/product_cat?post=1118"},{"taxonomy":"product_tag","embeddable":true,"href":"https:\/\/www.sdvmodel.cz\/en\/wp-json\/wp\/v2\/product_tag?post=1118"}],"curies":[{"name":"wp","href":"https:\/\/api.w.org\/{rel}","templated":true}]}}