{"id":10387,"date":"2024-04-26T16:00:05","date_gmt":"2024-04-26T14:00:05","guid":{"rendered":"https:\/\/www.sdvmodel.cz\/?post_type=product&#038;p=10387"},"modified":"2026-03-18T17:32:58","modified_gmt":"2026-03-18T16:32:58","slug":"kryty-vuz-gbkks-12-1120","status":"publish","type":"product","link":"https:\/\/www.sdvmodel.cz\/en\/product\/box-freight-car-gbkks-12-csd-1-120\/","title":{"rendered":"Box freight car Gbkks 12 \u010cSD, \u010cD, A\u010cR 1:120"},"content":{"rendered":"<p>Complete plastic model kit. Contains colored plastic parts for one model, including close coupling mechanisms, couplers, <b><span lang=\"en-US\">metal quality wheel<\/span><span lang=\"cs-CZ\">s<\/span><\/b>, photo-etched parts, ballast and decals. User: \u010cSD, \u010cD, A\u010cR, Epoch IV.-VI.<\/p>","protected":false},"excerpt":{"rendered":"<p>Complete plastic model kit. Contains colored plastic parts for one model, including close coupling mechanisms, couplers, metal quality wheels, photo-etched parts, ballast and decals. User: \u010cSD, \u010cD, A\u010cR, Epoch IV.-VI.<\/p>\n","protected":false},"featured_media":10388,"template":"","meta":[],"product_brand":[],"product_cat":[80,42,43],"product_tag":[72,71],"class_list":{"0":"post-10387","1":"product","2":"type-product","3":"status-publish","4":"has-post-thumbnail","6":"product_cat-kryte-vozy","7":"product_cat-meritko-1120","8":"product_cat-zeleznicni-vozy-meritko-1120","9":"product_tag-cd-cdc","10":"product_tag-csd","12":"first","13":"instock","14":"shipping-taxable","15":"purchasable","16":"product-type-simple"},"_links":{"self":[{"href":"https:\/\/www.sdvmodel.cz\/en\/wp-json\/wp\/v2\/product\/10387","targetHints":{"allow":["GET"]}}],"collection":[{"href":"https:\/\/www.sdvmodel.cz\/en\/wp-json\/wp\/v2\/product"}],"about":[{"href":"https:\/\/www.sdvmodel.cz\/en\/wp-json\/wp\/v2\/types\/product"}],"wp:featuredmedia":[{"embeddable":true,"href":"https:\/\/www.sdvmodel.cz\/en\/wp-json\/wp\/v2\/media\/10388"}],"wp:attachment":[{"href":"https:\/\/www.sdvmodel.cz\/en\/wp-json\/wp\/v2\/media?parent=10387"}],"wp:term":[{"taxonomy":"product_brand","embeddable":true,"href":"https:\/\/www.sdvmodel.cz\/en\/wp-json\/wp\/v2\/product_brand?post=10387"},{"taxonomy":"product_cat","embeddable":true,"href":"https:\/\/www.sdvmodel.cz\/en\/wp-json\/wp\/v2\/product_cat?post=10387"},{"taxonomy":"product_tag","embeddable":true,"href":"https:\/\/www.sdvmodel.cz\/en\/wp-json\/wp\/v2\/product_tag?post=10387"}],"curies":[{"name":"wp","href":"https:\/\/api.w.org\/{rel}","templated":true}]}}