{"id":9039,"date":"2023-05-16T11:59:08","date_gmt":"2023-05-16T09:59:08","guid":{"rendered":"https:\/\/www.sdvmodel.cz\/?post_type=product&#038;p=9039"},"modified":"2026-04-16T11:00:06","modified_gmt":"2026-04-16T09:00:06","slug":"hydraulicka-ruka-hara-60-187","status":"publish","type":"product","link":"https:\/\/www.sdvmodel.cz\/de\/produkt\/hydraulischer-kran-hara\/","title":{"rendered":"Hydraulischer Kran HARA 60 1:87"},"content":{"rendered":"<p class=\"qtranxs-available-languages-message qtranxs-available-languages-message-de\">Leider ist der Eintrag nur auf <a href=\"https:\/\/www.sdvmodel.cz\/cs\/wp-json\/wp\/v2\/product\/9039\" class=\"qtranxs-available-language-link qtranxs-available-language-link-cs\" title=\"\u010de\u0161tina\">\u010de\u0161tina<\/a> verf\u00fcgbar.<\/p>","protected":false},"excerpt":{"rendered":"<p>Leider ist der Eintrag nur auf \u010de\u0161tina verf\u00fcgbar.<\/p>\n","protected":false},"featured_media":9040,"template":"","meta":[],"product_brand":[],"product_cat":[9,20],"product_tag":[64,65,76],"class_list":{"0":"post-9039","1":"product","2":"type-product","3":"status-publish","4":"has-post-thumbnail","6":"product_cat-doplnky-187","7":"product_cat-meritko-187","8":"product_tag-liaz","9":"product_tag-tatra","10":"product_tag-v3s","12":"first","13":"instock","14":"purchasable","15":"product-type-simple"},"_links":{"self":[{"href":"https:\/\/www.sdvmodel.cz\/de\/wp-json\/wp\/v2\/product\/9039","targetHints":{"allow":["GET"]}}],"collection":[{"href":"https:\/\/www.sdvmodel.cz\/de\/wp-json\/wp\/v2\/product"}],"about":[{"href":"https:\/\/www.sdvmodel.cz\/de\/wp-json\/wp\/v2\/types\/product"}],"wp:featuredmedia":[{"embeddable":true,"href":"https:\/\/www.sdvmodel.cz\/de\/wp-json\/wp\/v2\/media\/9040"}],"wp:attachment":[{"href":"https:\/\/www.sdvmodel.cz\/de\/wp-json\/wp\/v2\/media?parent=9039"}],"wp:term":[{"taxonomy":"product_brand","embeddable":true,"href":"https:\/\/www.sdvmodel.cz\/de\/wp-json\/wp\/v2\/product_brand?post=9039"},{"taxonomy":"product_cat","embeddable":true,"href":"https:\/\/www.sdvmodel.cz\/de\/wp-json\/wp\/v2\/product_cat?post=9039"},{"taxonomy":"product_tag","embeddable":true,"href":"https:\/\/www.sdvmodel.cz\/de\/wp-json\/wp\/v2\/product_tag?post=9039"}],"curies":[{"name":"wp","href":"https:\/\/api.w.org\/{rel}","templated":true}]}}