{"id":8352,"date":"2022-12-06T14:28:33","date_gmt":"2022-12-06T13:28:33","guid":{"rendered":"https:\/\/www.sdvmodel.cz\/?post_type=product&#038;p=8352"},"modified":"2026-02-12T09:48:36","modified_gmt":"2026-02-12T08:48:36","slug":"samovysypny-vuz-falls-11-ceskomoravsky-cement-1120","status":"publish","type":"product","link":"https:\/\/www.sdvmodel.cz\/de\/produkt\/selbstentladewagen-falls-cement\/","title":{"rendered":"Selbstentladewagen Falls 11 \u010ceskomoravsk\u00fd cement 1:120"},"content":{"rendered":"<p>Kompletter Bausatz des offenen Selbstentladewagens. Er enth\u00e4t Kunststoffteile f\u00fcr Bau des Modells einschlie\u00dflich Kurzkupplungskinematik, Kupplungen, <b>Metallrads\u00e4tze in h\u00f6chster Qualit\u00e4t<\/b>, \u00c4tzteile, Gewicht und Abziehbilder. Betreiber: \u010ceskomoravsk\u00fd cement, Epoche: V.-VI.<\/p>\n<p>Kompletter Bausatz des offenen Selbstentladewagens. Er enth\u00e4t Kunststoffteile f\u00fcr Bau des Modells einschlie\u00dflich Kurzkupplungskinematik, Kupplungen, <b>Metallrads\u00e4tze in h\u00f6chster Qualit\u00e4t<\/b>, \u00c4tzteile, Gewicht und Abziehbilder. Betreiber: \u010ceskomoravsk\u00fd cement, Epoche: V.-VI.<\/p>\n<p><\/p>","protected":false},"excerpt":{"rendered":"<p>Kompletter Bausatz des offenen Selbstentladewagens. Er enth\u00e4t Kunststoffteile f\u00fcr Bau des Modells einschlie\u00dflich Kurzkupplungskinematik, Kupplungen, Metallrads\u00e4tze in h\u00f6chster Qualit\u00e4t, \u00c4tzteile, Gewicht und Abziehbilder. Betreiber: \u010ceskomoravsk\u00fd cement, Epoche: V.-VI. Kompletter Bausatz des offenen Selbstentladewagens. Er enth\u00e4t Kunststoffteile f\u00fcr Bau des Modells&#8230;<br \/><a class=\"read-more-button\" href=\"https:\/\/www.sdvmodel.cz\/de\/produkt\/selbstentladewagen-falls-cement\/\">Weiterlesen<\/a><\/p>\n","protected":false},"featured_media":8476,"template":"","meta":[],"product_brand":[],"product_cat":[42,67,43],"product_tag":[],"class_list":{"0":"post-8352","1":"product","2":"type-product","3":"status-publish","4":"has-post-thumbnail","6":"product_cat-meritko-1120","7":"product_cat-samovysypne-vozy","8":"product_cat-zeleznicni-vozy-meritko-1120","10":"first","11":"instock","12":"shipping-taxable","13":"purchasable","14":"product-type-simple"},"_links":{"self":[{"href":"https:\/\/www.sdvmodel.cz\/de\/wp-json\/wp\/v2\/product\/8352","targetHints":{"allow":["GET"]}}],"collection":[{"href":"https:\/\/www.sdvmodel.cz\/de\/wp-json\/wp\/v2\/product"}],"about":[{"href":"https:\/\/www.sdvmodel.cz\/de\/wp-json\/wp\/v2\/types\/product"}],"wp:featuredmedia":[{"embeddable":true,"href":"https:\/\/www.sdvmodel.cz\/de\/wp-json\/wp\/v2\/media\/8476"}],"wp:attachment":[{"href":"https:\/\/www.sdvmodel.cz\/de\/wp-json\/wp\/v2\/media?parent=8352"}],"wp:term":[{"taxonomy":"product_brand","embeddable":true,"href":"https:\/\/www.sdvmodel.cz\/de\/wp-json\/wp\/v2\/product_brand?post=8352"},{"taxonomy":"product_cat","embeddable":true,"href":"https:\/\/www.sdvmodel.cz\/de\/wp-json\/wp\/v2\/product_cat?post=8352"},{"taxonomy":"product_tag","embeddable":true,"href":"https:\/\/www.sdvmodel.cz\/de\/wp-json\/wp\/v2\/product_tag?post=8352"}],"curies":[{"name":"wp","href":"https:\/\/api.w.org\/{rel}","templated":true}]}}