{"id":7619,"date":"2022-05-10T13:06:06","date_gmt":"2022-05-10T11:06:06","guid":{"rendered":"https:\/\/www.sdvmodel.cz\/?post_type=product&#038;p=7619"},"modified":"2026-04-03T13:43:48","modified_gmt":"2026-04-03T11:43:48","slug":"kontejnerovy-vuz-sgnss-55-cd-cdc-1120","status":"publish","type":"product","link":"https:\/\/www.sdvmodel.cz\/de\/produkt\/sgnss-55-1120\/","title":{"rendered":"Containertragwagen Sgnss 55 \u010cD\/\u010cDC 1:120"},"content":{"rendered":"<p>Kompletter Bausatz des Containertragwagens. Er enth\u00e4t Kunststoffteile f\u00fcr Bau des Modells einschlie\u00dflich Kurzkupplungskinematik, Kupplungen, Metallrads\u00e4tze in h\u00f6chster Qualit\u00e4t, \u00c4tzteile, Gewicht und Abziehbilder. Betreiber: \u010cD\/\u010cDC, Epoche: V.-VI.<\/p>\n<p><\/p>","protected":false},"excerpt":{"rendered":"<p>Kompletter Bausatz des Containertragwagens. Er enth\u00e4t Kunststoffteile f\u00fcr Bau des Modells einschlie\u00dflich Kurzkupplungskinematik, Kupplungen, Metallrads\u00e4tze in h\u00f6chster Qualit\u00e4t, \u00c4tzteile, Gewicht und Abziehbilder. Betreiber: \u010cD\/\u010cDC, Epoche: V.-VI.<\/p>\n","protected":false},"featured_media":7631,"template":"","meta":[],"product_brand":[],"product_cat":[42,83,43],"product_tag":[72],"class_list":{"0":"post-7619","1":"product","2":"type-product","3":"status-publish","4":"has-post-thumbnail","6":"product_cat-meritko-1120","7":"product_cat-plosinove-vozy","8":"product_cat-zeleznicni-vozy-meritko-1120","9":"product_tag-cd-cdc","11":"first","12":"instock","13":"shipping-taxable","14":"purchasable","15":"product-type-simple"},"_links":{"self":[{"href":"https:\/\/www.sdvmodel.cz\/de\/wp-json\/wp\/v2\/product\/7619","targetHints":{"allow":["GET"]}}],"collection":[{"href":"https:\/\/www.sdvmodel.cz\/de\/wp-json\/wp\/v2\/product"}],"about":[{"href":"https:\/\/www.sdvmodel.cz\/de\/wp-json\/wp\/v2\/types\/product"}],"wp:featuredmedia":[{"embeddable":true,"href":"https:\/\/www.sdvmodel.cz\/de\/wp-json\/wp\/v2\/media\/7631"}],"wp:attachment":[{"href":"https:\/\/www.sdvmodel.cz\/de\/wp-json\/wp\/v2\/media?parent=7619"}],"wp:term":[{"taxonomy":"product_brand","embeddable":true,"href":"https:\/\/www.sdvmodel.cz\/de\/wp-json\/wp\/v2\/product_brand?post=7619"},{"taxonomy":"product_cat","embeddable":true,"href":"https:\/\/www.sdvmodel.cz\/de\/wp-json\/wp\/v2\/product_cat?post=7619"},{"taxonomy":"product_tag","embeddable":true,"href":"https:\/\/www.sdvmodel.cz\/de\/wp-json\/wp\/v2\/product_tag?post=7619"}],"curies":[{"name":"wp","href":"https:\/\/api.w.org\/{rel}","templated":true}]}}