{"id":6736,"date":"2021-09-24T17:41:24","date_gmt":"2021-09-24T15:41:24","guid":{"rendered":"https:\/\/www.sdvmodel.cz\/?post_type=product&#038;p=6736"},"modified":"2026-03-15T10:37:47","modified_gmt":"2026-03-15T09:37:47","slug":"kontejnerovy-vuz-sggrss-55-cdc-1120-3","status":"publish","type":"product","link":"https:\/\/www.sdvmodel.cz\/de\/produkt\/sggrss-55-iii-1120\/","title":{"rendered":"Doppel-Containertragwagen Sggrss 55 \u010cDC 1:120"},"content":{"rendered":"<p>Kompletter Bausatz des Containertragwagens. Er enth\u00e4t Kunststoffteile f\u00fcr Bau des Modells einschlie\u00dflich Kurzkupplungskinematik, Kupplungen, Metallrads\u00e4tze in h\u00f6chster Qualit\u00e4t, \u00c4tzteile, Gewicht und Abziehbilder. Betreiber: \u010cDC, Epoche: VI.<\/p>\n<p><\/p>","protected":false},"excerpt":{"rendered":"<p>Kompletter Bausatz des Containertragwagens. Er enth\u00e4t Kunststoffteile f\u00fcr Bau des Modells einschlie\u00dflich Kurzkupplungskinematik, Kupplungen, Metallrads\u00e4tze in h\u00f6chster Qualit\u00e4t, \u00c4tzteile, Gewicht und Abziehbilder. Betreiber: \u010cDC, Epoche: VI.<\/p>\n","protected":false},"featured_media":6737,"template":"","meta":[],"product_brand":[],"product_cat":[42,83,43],"product_tag":[72],"class_list":{"0":"post-6736","1":"product","2":"type-product","3":"status-publish","4":"has-post-thumbnail","6":"product_cat-meritko-1120","7":"product_cat-plosinove-vozy","8":"product_cat-zeleznicni-vozy-meritko-1120","9":"product_tag-cd-cdc","11":"first","12":"instock","13":"shipping-taxable","14":"purchasable","15":"product-type-simple"},"_links":{"self":[{"href":"https:\/\/www.sdvmodel.cz\/de\/wp-json\/wp\/v2\/product\/6736","targetHints":{"allow":["GET"]}}],"collection":[{"href":"https:\/\/www.sdvmodel.cz\/de\/wp-json\/wp\/v2\/product"}],"about":[{"href":"https:\/\/www.sdvmodel.cz\/de\/wp-json\/wp\/v2\/types\/product"}],"wp:featuredmedia":[{"embeddable":true,"href":"https:\/\/www.sdvmodel.cz\/de\/wp-json\/wp\/v2\/media\/6737"}],"wp:attachment":[{"href":"https:\/\/www.sdvmodel.cz\/de\/wp-json\/wp\/v2\/media?parent=6736"}],"wp:term":[{"taxonomy":"product_brand","embeddable":true,"href":"https:\/\/www.sdvmodel.cz\/de\/wp-json\/wp\/v2\/product_brand?post=6736"},{"taxonomy":"product_cat","embeddable":true,"href":"https:\/\/www.sdvmodel.cz\/de\/wp-json\/wp\/v2\/product_cat?post=6736"},{"taxonomy":"product_tag","embeddable":true,"href":"https:\/\/www.sdvmodel.cz\/de\/wp-json\/wp\/v2\/product_tag?post=6736"}],"curies":[{"name":"wp","href":"https:\/\/api.w.org\/{rel}","templated":true}]}}