{"id":672,"date":"2016-10-16T17:28:50","date_gmt":"2016-10-16T15:28:50","guid":{"rendered":"https:\/\/www.plastikovestavebnice.cz\/produkt\/praga-pzkpfw-1401-2cm\/"},"modified":"2025-01-01T10:08:41","modified_gmt":"2025-01-01T09:08:41","slug":"praga-pzkpfw-1401-2cm","status":"publish","type":"product","link":"https:\/\/www.sdvmodel.cz\/de\/produkt\/praga-pzkpfw-1401-2cm\/","title":{"rendered":"Praga PzKpfw 140\/1 (2cm) 1:87"},"content":{"rendered":"<p>Kompletter Plastikbausatz. Dieser Bausatz enthaltet Plastikteile f\u00fcr Zusammnebau des Models inkl. <span class=\"st\">Foto-\u00c4tz-Teile<\/span> und Abziehbilder. Besch\u00e4digtes Paket.<\/p>","protected":false},"excerpt":{"rendered":"<p>Kompletter Plastikbausatz. Dieser Bausatz enthaltet Plastikteile f\u00fcr Zusammnebau des Models inkl. Foto-\u00c4tz-Teile und Abziehbilder. Besch\u00e4digtes Paket.<\/p>\n","protected":false},"featured_media":673,"template":"","meta":[],"product_brand":[],"product_cat":[20,21,31,14],"product_tag":[49],"class_list":{"0":"post-672","1":"product","2":"type-product","3":"status-publish","4":"has-post-thumbnail","6":"product_cat-meritko-187","7":"product_cat-vojenska-technika","8":"product_cat-pasova-technika-vojenska-technika","9":"product_cat-posledni-kusy-187","10":"product_tag-2-svetova-valka","12":"first","13":"outofstock","14":"sale","15":"purchasable","16":"product-type-simple"},"_links":{"self":[{"href":"https:\/\/www.sdvmodel.cz\/de\/wp-json\/wp\/v2\/product\/672","targetHints":{"allow":["GET"]}}],"collection":[{"href":"https:\/\/www.sdvmodel.cz\/de\/wp-json\/wp\/v2\/product"}],"about":[{"href":"https:\/\/www.sdvmodel.cz\/de\/wp-json\/wp\/v2\/types\/product"}],"wp:featuredmedia":[{"embeddable":true,"href":"https:\/\/www.sdvmodel.cz\/de\/wp-json\/wp\/v2\/media\/673"}],"wp:attachment":[{"href":"https:\/\/www.sdvmodel.cz\/de\/wp-json\/wp\/v2\/media?parent=672"}],"wp:term":[{"taxonomy":"product_brand","embeddable":true,"href":"https:\/\/www.sdvmodel.cz\/de\/wp-json\/wp\/v2\/product_brand?post=672"},{"taxonomy":"product_cat","embeddable":true,"href":"https:\/\/www.sdvmodel.cz\/de\/wp-json\/wp\/v2\/product_cat?post=672"},{"taxonomy":"product_tag","embeddable":true,"href":"https:\/\/www.sdvmodel.cz\/de\/wp-json\/wp\/v2\/product_tag?post=672"}],"curies":[{"name":"wp","href":"https:\/\/api.w.org\/{rel}","templated":true}]}}