{"id":6427,"date":"2021-06-23T14:19:42","date_gmt":"2021-06-23T12:19:42","guid":{"rendered":"https:\/\/www.sdvmodel.cz\/?post_type=product&#038;p=6427"},"modified":"2024-05-02T15:16:27","modified_gmt":"2024-05-02T13:16:27","slug":"kotlovy-vuz-zaes-30-vads-1120","status":"publish","type":"product","link":"https:\/\/www.sdvmodel.cz\/de\/produkt\/kotlovy-vuz-zaes-30-vads-1-120\/","title":{"rendered":"Kesselwagen Zaes 30 VADS 1:120"},"content":{"rendered":"<p>Kompletter Bausatz des Kesselwagens. Er enth\u00e4lt Kunststoffteile f\u00fcr Bau des Modells einschlie\u00dflich Kurzkupplungskinematik, Kupplungen, <b>Metallrads\u00e4tze in h\u00f6chster Qualit\u00e4t,<\/b> \u00c4tzteile, Gewicht und Abziehbilder. Betreiber: VADS, Epoche: V\/VI.<\/p>","protected":false},"excerpt":{"rendered":"<p>Kompletter Bausatz des Kesselwagens. Er enth\u00e4lt Kunststoffteile f\u00fcr Bau des Modells einschlie\u00dflich Kurzkupplungskinematik, Kupplungen, Metallrads\u00e4tze in h\u00f6chster Qualit\u00e4t, \u00c4tzteile, Gewicht und Abziehbilder. Betreiber: VADS, Epoche: V\/VI.<\/p>\n","protected":false},"featured_media":6428,"template":"","meta":[],"product_brand":[],"product_cat":[87,42,89,43],"product_tag":[],"class_list":{"0":"post-6427","1":"product","2":"type-product","3":"status-publish","4":"has-post-thumbnail","6":"product_cat-kotlove-vozy","7":"product_cat-meritko-1120","8":"product_cat-posledni-kusy-1120","9":"product_cat-zeleznicni-vozy-meritko-1120","11":"first","12":"outofstock","13":"purchasable","14":"product-type-simple"},"_links":{"self":[{"href":"https:\/\/www.sdvmodel.cz\/de\/wp-json\/wp\/v2\/product\/6427","targetHints":{"allow":["GET"]}}],"collection":[{"href":"https:\/\/www.sdvmodel.cz\/de\/wp-json\/wp\/v2\/product"}],"about":[{"href":"https:\/\/www.sdvmodel.cz\/de\/wp-json\/wp\/v2\/types\/product"}],"wp:featuredmedia":[{"embeddable":true,"href":"https:\/\/www.sdvmodel.cz\/de\/wp-json\/wp\/v2\/media\/6428"}],"wp:attachment":[{"href":"https:\/\/www.sdvmodel.cz\/de\/wp-json\/wp\/v2\/media?parent=6427"}],"wp:term":[{"taxonomy":"product_brand","embeddable":true,"href":"https:\/\/www.sdvmodel.cz\/de\/wp-json\/wp\/v2\/product_brand?post=6427"},{"taxonomy":"product_cat","embeddable":true,"href":"https:\/\/www.sdvmodel.cz\/de\/wp-json\/wp\/v2\/product_cat?post=6427"},{"taxonomy":"product_tag","embeddable":true,"href":"https:\/\/www.sdvmodel.cz\/de\/wp-json\/wp\/v2\/product_tag?post=6427"}],"curies":[{"name":"wp","href":"https:\/\/api.w.org\/{rel}","templated":true}]}}