{"id":5972,"date":"2021-03-23T11:25:52","date_gmt":"2021-03-23T10:25:52","guid":{"rendered":"https:\/\/www.sdvmodel.cz\/?post_type=product&#038;p=5972"},"modified":"2026-03-20T16:48:37","modified_gmt":"2026-03-20T15:48:37","slug":"rezac-celokovovy-olfa-s-20","status":"publish","type":"product","link":"https:\/\/www.sdvmodel.cz\/de\/produkt\/messer\/","title":{"rendered":"Messer OLFA S-20"},"content":{"rendered":"<p class=\"qtranxs-available-languages-message qtranxs-available-languages-message-de\">Leider ist der Eintrag nur auf <a href=\"https:\/\/www.sdvmodel.cz\/cs\/wp-json\/wp\/v2\/product\/5972\" class=\"qtranxs-available-language-link qtranxs-available-language-link-cs\" title=\"\u010de\u0161tina\">\u010de\u0161tina<\/a> verf\u00fcgbar.<\/p>","protected":false},"excerpt":{"rendered":"<p>Leider ist der Eintrag nur auf \u010de\u0161tina verf\u00fcgbar.<\/p>\n","protected":false},"featured_media":5973,"template":"","meta":[],"product_brand":[],"product_cat":[10],"product_tag":[95],"class_list":{"0":"post-5972","1":"product","2":"type-product","3":"status-publish","4":"has-post-thumbnail","6":"product_cat-lepidla","7":"product_tag-exkluzivne-pouze-u-nas","9":"first","10":"instock","11":"shipping-taxable","12":"purchasable","13":"product-type-simple"},"_links":{"self":[{"href":"https:\/\/www.sdvmodel.cz\/de\/wp-json\/wp\/v2\/product\/5972","targetHints":{"allow":["GET"]}}],"collection":[{"href":"https:\/\/www.sdvmodel.cz\/de\/wp-json\/wp\/v2\/product"}],"about":[{"href":"https:\/\/www.sdvmodel.cz\/de\/wp-json\/wp\/v2\/types\/product"}],"wp:featuredmedia":[{"embeddable":true,"href":"https:\/\/www.sdvmodel.cz\/de\/wp-json\/wp\/v2\/media\/5973"}],"wp:attachment":[{"href":"https:\/\/www.sdvmodel.cz\/de\/wp-json\/wp\/v2\/media?parent=5972"}],"wp:term":[{"taxonomy":"product_brand","embeddable":true,"href":"https:\/\/www.sdvmodel.cz\/de\/wp-json\/wp\/v2\/product_brand?post=5972"},{"taxonomy":"product_cat","embeddable":true,"href":"https:\/\/www.sdvmodel.cz\/de\/wp-json\/wp\/v2\/product_cat?post=5972"},{"taxonomy":"product_tag","embeddable":true,"href":"https:\/\/www.sdvmodel.cz\/de\/wp-json\/wp\/v2\/product_tag?post=5972"}],"curies":[{"name":"wp","href":"https:\/\/api.w.org\/{rel}","templated":true}]}}