{"id":548,"date":"2016-10-16T15:27:00","date_gmt":"2016-10-16T15:27:00","guid":{"rendered":"https:\/\/www.plastikovestavebnice.cz\/produkt\/tatra-815-7-6x6-gtlf-9000-500\/"},"modified":"2024-11-17T13:17:44","modified_gmt":"2024-11-17T12:17:44","slug":"tatra-815-7-6x6-gtlf-9000-500","status":"publish","type":"product","link":"https:\/\/www.sdvmodel.cz\/de\/produkt\/tatra-815-7-6x6-gtlf-9000-500\/","title":{"rendered":"Tatra 815-7 6&#215;6 GTLF 9000-500"},"content":{"rendered":"<p>Hasi\u010dsk\u00fd speci\u00e1l Ortsfeuerwehr Perleberg (SRN). Stavebnice obsahuje maj\u00e1ky, obtisky a lepty.<\/p>","protected":false},"excerpt":{"rendered":"<p>Hasi\u010dsk\u00fd speci\u00e1l Ortsfeuerwehr Perleberg (SRN). Stavebnice obsahuje maj\u00e1ky, obtisky a lepty.<\/p>\n","protected":false},"featured_media":549,"template":"","meta":[],"product_brand":[],"product_cat":[70],"product_tag":[65],"class_list":{"0":"post-548","1":"product","2":"type-product","3":"status-publish","4":"has-post-thumbnail","6":"product_cat-nezarazene","7":"product_tag-tatra","9":"first","10":"outofstock","11":"sold-individually","12":"purchasable","13":"product-type-simple"},"_links":{"self":[{"href":"https:\/\/www.sdvmodel.cz\/de\/wp-json\/wp\/v2\/product\/548","targetHints":{"allow":["GET"]}}],"collection":[{"href":"https:\/\/www.sdvmodel.cz\/de\/wp-json\/wp\/v2\/product"}],"about":[{"href":"https:\/\/www.sdvmodel.cz\/de\/wp-json\/wp\/v2\/types\/product"}],"wp:featuredmedia":[{"embeddable":true,"href":"https:\/\/www.sdvmodel.cz\/de\/wp-json\/wp\/v2\/media\/549"}],"wp:attachment":[{"href":"https:\/\/www.sdvmodel.cz\/de\/wp-json\/wp\/v2\/media?parent=548"}],"wp:term":[{"taxonomy":"product_brand","embeddable":true,"href":"https:\/\/www.sdvmodel.cz\/de\/wp-json\/wp\/v2\/product_brand?post=548"},{"taxonomy":"product_cat","embeddable":true,"href":"https:\/\/www.sdvmodel.cz\/de\/wp-json\/wp\/v2\/product_cat?post=548"},{"taxonomy":"product_tag","embeddable":true,"href":"https:\/\/www.sdvmodel.cz\/de\/wp-json\/wp\/v2\/product_tag?post=548"}],"curies":[{"name":"wp","href":"https:\/\/api.w.org\/{rel}","templated":true}]}}