{"id":523,"date":"2016-10-16T15:27:00","date_gmt":"2016-10-16T15:27:00","guid":{"rendered":"https:\/\/www.plastikovestavebnice.cz\/produkt\/robur-lo2500-10\/"},"modified":"2021-11-23T11:30:32","modified_gmt":"2021-11-23T10:30:32","slug":"robur-lo2500-10","status":"publish","type":"product","link":"https:\/\/www.sdvmodel.cz\/de\/produkt\/robur-lo2500-10\/","title":{"rendered":"Robur LO2500"},"content":{"rendered":"<p>Nebarven\u00e1 stavebnice s resinovou karoseri\u00ed. B\u00e1\u0148sk\u00e1 z\u00e1chrann\u00e1 slu\u017eba, Grubenwehr. Stavebnice obsahuje obtisk na dv\u011b verze a maj\u00e1ky.<\/p>\n","protected":false},"excerpt":{"rendered":"<p>Nebarven\u00e1 stavebnice s resinovou karoseri\u00ed. B\u00e1\u0148sk\u00e1 z\u00e1chrann\u00e1 slu\u017eba, Grubenwehr. Stavebnice obsahuje obtisk na dv\u011b verze a maj\u00e1ky.<\/p>\n","protected":false},"featured_media":524,"template":"","meta":[],"product_brand":[],"product_cat":[70],"product_tag":[],"class_list":{"0":"post-523","1":"product","2":"type-product","3":"status-publish","4":"has-post-thumbnail","6":"product_cat-nezarazene","8":"first","9":"outofstock","10":"sold-individually","11":"purchasable","12":"product-type-simple"},"_links":{"self":[{"href":"https:\/\/www.sdvmodel.cz\/de\/wp-json\/wp\/v2\/product\/523","targetHints":{"allow":["GET"]}}],"collection":[{"href":"https:\/\/www.sdvmodel.cz\/de\/wp-json\/wp\/v2\/product"}],"about":[{"href":"https:\/\/www.sdvmodel.cz\/de\/wp-json\/wp\/v2\/types\/product"}],"wp:featuredmedia":[{"embeddable":true,"href":"https:\/\/www.sdvmodel.cz\/de\/wp-json\/wp\/v2\/media\/524"}],"wp:attachment":[{"href":"https:\/\/www.sdvmodel.cz\/de\/wp-json\/wp\/v2\/media?parent=523"}],"wp:term":[{"taxonomy":"product_brand","embeddable":true,"href":"https:\/\/www.sdvmodel.cz\/de\/wp-json\/wp\/v2\/product_brand?post=523"},{"taxonomy":"product_cat","embeddable":true,"href":"https:\/\/www.sdvmodel.cz\/de\/wp-json\/wp\/v2\/product_cat?post=523"},{"taxonomy":"product_tag","embeddable":true,"href":"https:\/\/www.sdvmodel.cz\/de\/wp-json\/wp\/v2\/product_tag?post=523"}],"curies":[{"name":"wp","href":"https:\/\/api.w.org\/{rel}","templated":true}]}}