{"id":4495,"date":"2020-04-10T21:51:22","date_gmt":"2020-04-10T19:51:22","guid":{"rendered":"https:\/\/www.sdvmodel.cz\/?post_type=product&#038;p=4495"},"modified":"2026-02-26T21:58:23","modified_gmt":"2026-02-26T20:58:23","slug":"sluzebni-vuz-dsd-rybak-cd-1120","status":"publish","type":"product","link":"https:\/\/www.sdvmodel.cz\/de\/produkt\/gepackwagen-dsd-rybak-cd-1120\/","title":{"rendered":"Gep\u00e4ckwagen Dsd &#8222;Ryb\u00e1k&#8220; \u010cD 1:120"},"content":{"rendered":"<p>Kompletter Bausatz des Gep\u00e4ckwagens. Er enth\u00e4t Kunststoffteile f\u00fcr Bau des Modells einschlie\u00dflich Kurzkupplungskinematik, Kupplungen, <b>Metallrads\u00e4tze in h\u00f6chster Qualit\u00e4t<\/b>, \u00c4tzteile, Gewicht und Abziehbilder. Betreiber: \u010cD, Epoche: V.<\/p>","protected":false},"excerpt":{"rendered":"<p>Kompletter Bausatz des Gep\u00e4ckwagens. Er enth\u00e4t Kunststoffteile f\u00fcr Bau des Modells einschlie\u00dflich Kurzkupplungskinematik, Kupplungen, Metallrads\u00e4tze in h\u00f6chster Qualit\u00e4t, \u00c4tzteile, Gewicht und Abziehbilder. Betreiber: \u010cD, Epoche: V.<\/p>\n","protected":false},"featured_media":4577,"template":"","meta":[],"product_brand":[],"product_cat":[42,68],"product_tag":[72,79],"class_list":{"0":"post-4495","1":"product","2":"type-product","3":"status-publish","4":"has-post-thumbnail","6":"product_cat-meritko-1120","7":"product_cat-sluzebni-vozy","8":"product_tag-cd-cdc","9":"product_tag-rybak","11":"first","12":"instock","13":"shipping-taxable","14":"purchasable","15":"product-type-simple"},"_links":{"self":[{"href":"https:\/\/www.sdvmodel.cz\/de\/wp-json\/wp\/v2\/product\/4495","targetHints":{"allow":["GET"]}}],"collection":[{"href":"https:\/\/www.sdvmodel.cz\/de\/wp-json\/wp\/v2\/product"}],"about":[{"href":"https:\/\/www.sdvmodel.cz\/de\/wp-json\/wp\/v2\/types\/product"}],"wp:featuredmedia":[{"embeddable":true,"href":"https:\/\/www.sdvmodel.cz\/de\/wp-json\/wp\/v2\/media\/4577"}],"wp:attachment":[{"href":"https:\/\/www.sdvmodel.cz\/de\/wp-json\/wp\/v2\/media?parent=4495"}],"wp:term":[{"taxonomy":"product_brand","embeddable":true,"href":"https:\/\/www.sdvmodel.cz\/de\/wp-json\/wp\/v2\/product_brand?post=4495"},{"taxonomy":"product_cat","embeddable":true,"href":"https:\/\/www.sdvmodel.cz\/de\/wp-json\/wp\/v2\/product_cat?post=4495"},{"taxonomy":"product_tag","embeddable":true,"href":"https:\/\/www.sdvmodel.cz\/de\/wp-json\/wp\/v2\/product_tag?post=4495"}],"curies":[{"name":"wp","href":"https:\/\/api.w.org\/{rel}","templated":true}]}}