{"id":405,"date":"2016-10-16T15:23:01","date_gmt":"2016-10-16T15:23:01","guid":{"rendered":"https:\/\/www.plastikovestavebnice.cz\/produkt\/robur-ld-3002-fr-m5m8\/"},"modified":"2021-11-23T11:30:34","modified_gmt":"2021-11-23T10:30:34","slug":"robur-ld-3002-fr-m5m8","status":"publish","type":"product","link":"https:\/\/www.sdvmodel.cz\/de\/produkt\/robur-ld-3002-fr-m5m8\/","title":{"rendered":"Robur LD 3002 FR M5\/M8"},"content":{"rendered":"<p>nebarven\u00e1 stavebnice s resinovou karos\u00e9ri\u00ed<\/p>\n","protected":false},"excerpt":{"rendered":"<p>nebarven\u00e1 stavebnice s resinovou karos\u00e9ri\u00ed<\/p>\n","protected":false},"featured_media":406,"template":"","meta":[],"product_brand":[],"product_cat":[70],"product_tag":[],"class_list":{"0":"post-405","1":"product","2":"type-product","3":"status-publish","4":"has-post-thumbnail","6":"product_cat-nezarazene","8":"first","9":"outofstock","10":"sold-individually","11":"purchasable","12":"product-type-simple"},"_links":{"self":[{"href":"https:\/\/www.sdvmodel.cz\/de\/wp-json\/wp\/v2\/product\/405","targetHints":{"allow":["GET"]}}],"collection":[{"href":"https:\/\/www.sdvmodel.cz\/de\/wp-json\/wp\/v2\/product"}],"about":[{"href":"https:\/\/www.sdvmodel.cz\/de\/wp-json\/wp\/v2\/types\/product"}],"wp:featuredmedia":[{"embeddable":true,"href":"https:\/\/www.sdvmodel.cz\/de\/wp-json\/wp\/v2\/media\/406"}],"wp:attachment":[{"href":"https:\/\/www.sdvmodel.cz\/de\/wp-json\/wp\/v2\/media?parent=405"}],"wp:term":[{"taxonomy":"product_brand","embeddable":true,"href":"https:\/\/www.sdvmodel.cz\/de\/wp-json\/wp\/v2\/product_brand?post=405"},{"taxonomy":"product_cat","embeddable":true,"href":"https:\/\/www.sdvmodel.cz\/de\/wp-json\/wp\/v2\/product_cat?post=405"},{"taxonomy":"product_tag","embeddable":true,"href":"https:\/\/www.sdvmodel.cz\/de\/wp-json\/wp\/v2\/product_tag?post=405"}],"curies":[{"name":"wp","href":"https:\/\/api.w.org\/{rel}","templated":true}]}}