{"id":323,"date":"2016-10-16T15:19:46","date_gmt":"2016-10-16T15:19:46","guid":{"rendered":"https:\/\/www.plastikovestavebnice.cz\/produkt\/robur-lo2500-8\/"},"modified":"2021-11-23T11:30:35","modified_gmt":"2021-11-23T10:30:35","slug":"robur-lo2500-8","status":"publish","type":"product","link":"https:\/\/www.sdvmodel.cz\/de\/produkt\/robur-lo2500-8\/","title":{"rendered":"Robur LO2500"},"content":{"rendered":"<p>nebarven\u00e1 stavebnice s resinovou karos\u00e9ri\u00ed, Ve\u0159ejn\u00e1 bezpe\u010dnost<\/p>\n","protected":false},"excerpt":{"rendered":"<p>nebarven\u00e1 stavebnice s resinovou karos\u00e9ri\u00ed, Ve\u0159ejn\u00e1 bezpe\u010dnost<\/p>\n","protected":false},"featured_media":324,"template":"","meta":[],"product_brand":[],"product_cat":[70],"product_tag":[],"class_list":{"0":"post-323","1":"product","2":"type-product","3":"status-publish","4":"has-post-thumbnail","6":"product_cat-nezarazene","8":"first","9":"outofstock","10":"sold-individually","11":"purchasable","12":"product-type-simple"},"_links":{"self":[{"href":"https:\/\/www.sdvmodel.cz\/de\/wp-json\/wp\/v2\/product\/323","targetHints":{"allow":["GET"]}}],"collection":[{"href":"https:\/\/www.sdvmodel.cz\/de\/wp-json\/wp\/v2\/product"}],"about":[{"href":"https:\/\/www.sdvmodel.cz\/de\/wp-json\/wp\/v2\/types\/product"}],"wp:featuredmedia":[{"embeddable":true,"href":"https:\/\/www.sdvmodel.cz\/de\/wp-json\/wp\/v2\/media\/324"}],"wp:attachment":[{"href":"https:\/\/www.sdvmodel.cz\/de\/wp-json\/wp\/v2\/media?parent=323"}],"wp:term":[{"taxonomy":"product_brand","embeddable":true,"href":"https:\/\/www.sdvmodel.cz\/de\/wp-json\/wp\/v2\/product_brand?post=323"},{"taxonomy":"product_cat","embeddable":true,"href":"https:\/\/www.sdvmodel.cz\/de\/wp-json\/wp\/v2\/product_cat?post=323"},{"taxonomy":"product_tag","embeddable":true,"href":"https:\/\/www.sdvmodel.cz\/de\/wp-json\/wp\/v2\/product_tag?post=323"}],"curies":[{"name":"wp","href":"https:\/\/api.w.org\/{rel}","templated":true}]}}