{"id":3027,"date":"2018-12-12T20:38:23","date_gmt":"2018-12-12T19:38:23","guid":{"rendered":"https:\/\/www.sdvmodel.cz\/?post_type=product&#038;p=3027"},"modified":"2026-03-12T13:14:42","modified_gmt":"2026-03-12T12:14:42","slug":"vuz-s-odsuvnou-strechou-tams-52-cd-cdc-1120","status":"publish","type":"product","link":"https:\/\/www.sdvmodel.cz\/de\/produkt\/tams-52\/","title":{"rendered":"Rolldachwagen Tams 52 \u010cD\/\u010cDC 1:120"},"content":{"rendered":"<p>Kompletter Bausatz des Gedeckter G\u00fcterwagens. Er enth\u00e4t Kunststoffteile f\u00fcr Bau des Modells einschlie\u00dflich Kurzkupplungskinematik, Kupplungen, <b>Metallrads\u00e4tze in h\u00f6chster Qualit\u00e4t<\/b>, \u00c4tzteile, Gewicht und Abziehbilder. Betreiber: \u010cD\/\u010cDC, Epoche: V.-VI.<\/p>","protected":false},"excerpt":{"rendered":"<p>Kompletter Bausatz des Gedeckter G\u00fcterwagens. Er enth\u00e4t Kunststoffteile f\u00fcr Bau des Modells einschlie\u00dflich Kurzkupplungskinematik, Kupplungen, Metallrads\u00e4tze in h\u00f6chster Qualit\u00e4t, \u00c4tzteile, Gewicht und Abziehbilder. Betreiber: \u010cD\/\u010cDC, Epoche: V.-VI.<\/p>\n","protected":false},"featured_media":3032,"template":"","meta":[],"product_brand":[],"product_cat":[80,42,43],"product_tag":[72],"class_list":{"0":"post-3027","1":"product","2":"type-product","3":"status-publish","4":"has-post-thumbnail","6":"product_cat-kryte-vozy","7":"product_cat-meritko-1120","8":"product_cat-zeleznicni-vozy-meritko-1120","9":"product_tag-cd-cdc","11":"first","12":"instock","13":"purchasable","14":"product-type-simple"},"_links":{"self":[{"href":"https:\/\/www.sdvmodel.cz\/de\/wp-json\/wp\/v2\/product\/3027","targetHints":{"allow":["GET"]}}],"collection":[{"href":"https:\/\/www.sdvmodel.cz\/de\/wp-json\/wp\/v2\/product"}],"about":[{"href":"https:\/\/www.sdvmodel.cz\/de\/wp-json\/wp\/v2\/types\/product"}],"wp:featuredmedia":[{"embeddable":true,"href":"https:\/\/www.sdvmodel.cz\/de\/wp-json\/wp\/v2\/media\/3032"}],"wp:attachment":[{"href":"https:\/\/www.sdvmodel.cz\/de\/wp-json\/wp\/v2\/media?parent=3027"}],"wp:term":[{"taxonomy":"product_brand","embeddable":true,"href":"https:\/\/www.sdvmodel.cz\/de\/wp-json\/wp\/v2\/product_brand?post=3027"},{"taxonomy":"product_cat","embeddable":true,"href":"https:\/\/www.sdvmodel.cz\/de\/wp-json\/wp\/v2\/product_cat?post=3027"},{"taxonomy":"product_tag","embeddable":true,"href":"https:\/\/www.sdvmodel.cz\/de\/wp-json\/wp\/v2\/product_tag?post=3027"}],"curies":[{"name":"wp","href":"https:\/\/api.w.org\/{rel}","templated":true}]}}