{"id":301,"date":"2016-10-16T15:19:46","date_gmt":"2016-10-16T15:19:46","guid":{"rendered":"https:\/\/www.plastikovestavebnice.cz\/produkt\/skoda-21tr-4\/"},"modified":"2026-03-16T16:04:49","modified_gmt":"2026-03-16T15:04:49","slug":"skoda-21tr-4","status":"publish","type":"product","link":"https:\/\/www.sdvmodel.cz\/de\/produkt\/skoda-21tr-dp-plzen-187\/","title":{"rendered":"\u0160koda 21Tr DP Plze\u0148 1:87"},"content":{"rendered":"<p>Kompletter Plastikbausatz. Dieser Bausatz enthaltet Plastikteile f\u00fcr Zusammnebau des Models inkl. Metallachsen und Abziehbilder. Dieser Modellbausatz ist f\u00fcr fortgeschrittene Modellbauer.<\/p>","protected":false},"excerpt":{"rendered":"<p>Kompletter Plastikbausatz. Dieser Bausatz enthaltet Plastikteile f\u00fcr Zusammnebau des Models inkl. Metallachsen und Abziehbilder. Dieser Modellbausatz ist f\u00fcr fortgeschrittene Modellbauer.<\/p>\n","protected":false},"featured_media":302,"template":"","meta":[],"product_brand":[],"product_cat":[23,20],"product_tag":[],"class_list":{"0":"post-301","1":"product","2":"type-product","3":"status-publish","4":"has-post-thumbnail","6":"product_cat-autobusy","7":"product_cat-meritko-187","9":"first","10":"instock","11":"purchasable","12":"product-type-simple"},"_links":{"self":[{"href":"https:\/\/www.sdvmodel.cz\/de\/wp-json\/wp\/v2\/product\/301","targetHints":{"allow":["GET"]}}],"collection":[{"href":"https:\/\/www.sdvmodel.cz\/de\/wp-json\/wp\/v2\/product"}],"about":[{"href":"https:\/\/www.sdvmodel.cz\/de\/wp-json\/wp\/v2\/types\/product"}],"wp:featuredmedia":[{"embeddable":true,"href":"https:\/\/www.sdvmodel.cz\/de\/wp-json\/wp\/v2\/media\/302"}],"wp:attachment":[{"href":"https:\/\/www.sdvmodel.cz\/de\/wp-json\/wp\/v2\/media?parent=301"}],"wp:term":[{"taxonomy":"product_brand","embeddable":true,"href":"https:\/\/www.sdvmodel.cz\/de\/wp-json\/wp\/v2\/product_brand?post=301"},{"taxonomy":"product_cat","embeddable":true,"href":"https:\/\/www.sdvmodel.cz\/de\/wp-json\/wp\/v2\/product_cat?post=301"},{"taxonomy":"product_tag","embeddable":true,"href":"https:\/\/www.sdvmodel.cz\/de\/wp-json\/wp\/v2\/product_tag?post=301"}],"curies":[{"name":"wp","href":"https:\/\/api.w.org\/{rel}","templated":true}]}}