{"id":2814,"date":"2018-09-27T21:09:58","date_gmt":"2018-09-27T19:09:58","guid":{"rendered":"https:\/\/www.sdvmodel.cz\/?post_type=product&#038;p=2814"},"modified":"2026-03-07T10:28:15","modified_gmt":"2026-03-07T09:28:15","slug":"kryty-vuz-gags-10-csd-1120","status":"publish","type":"product","link":"https:\/\/www.sdvmodel.cz\/de\/produkt\/gedeckter-guterwagen-gags-10-csd\/","title":{"rendered":"Gedeckter G\u00fcterwagen Gags 10 \u010cSD 1:120"},"content":{"rendered":"<p>Kompletter Bausatz des Gedeckter G\u00fcterwagens. Er enth\u00e4t Kunststoffteile f\u00fcr Bau des Modells einschlie\u00dflich Kurzkupplungskinematik, Kupplungen, <b>Metallrads\u00e4tze in h\u00f6chster Qualit\u00e4t<\/b>, \u00c4tzteile, Gewicht und Abziehbilder. Betreiber: \u010cSD, Epoche: IV.<\/p>\n<p><\/p>","protected":false},"excerpt":{"rendered":"<p>Kompletter Bausatz des Gedeckter G\u00fcterwagens. Er enth\u00e4t Kunststoffteile f\u00fcr Bau des Modells einschlie\u00dflich Kurzkupplungskinematik, Kupplungen, Metallrads\u00e4tze in h\u00f6chster Qualit\u00e4t, \u00c4tzteile, Gewicht und Abziehbilder. Betreiber: \u010cSD, Epoche: IV.<\/p>\n","protected":false},"featured_media":2815,"template":"","meta":[],"product_brand":[],"product_cat":[42,43,80],"product_tag":[71],"class_list":{"0":"post-2814","1":"product","2":"type-product","3":"status-publish","4":"has-post-thumbnail","6":"product_cat-meritko-1120","7":"product_cat-zeleznicni-vozy-meritko-1120","8":"product_cat-kryte-vozy","9":"product_tag-csd","11":"first","12":"instock","13":"shipping-taxable","14":"purchasable","15":"product-type-simple"},"_links":{"self":[{"href":"https:\/\/www.sdvmodel.cz\/de\/wp-json\/wp\/v2\/product\/2814","targetHints":{"allow":["GET"]}}],"collection":[{"href":"https:\/\/www.sdvmodel.cz\/de\/wp-json\/wp\/v2\/product"}],"about":[{"href":"https:\/\/www.sdvmodel.cz\/de\/wp-json\/wp\/v2\/types\/product"}],"wp:featuredmedia":[{"embeddable":true,"href":"https:\/\/www.sdvmodel.cz\/de\/wp-json\/wp\/v2\/media\/2815"}],"wp:attachment":[{"href":"https:\/\/www.sdvmodel.cz\/de\/wp-json\/wp\/v2\/media?parent=2814"}],"wp:term":[{"taxonomy":"product_brand","embeddable":true,"href":"https:\/\/www.sdvmodel.cz\/de\/wp-json\/wp\/v2\/product_brand?post=2814"},{"taxonomy":"product_cat","embeddable":true,"href":"https:\/\/www.sdvmodel.cz\/de\/wp-json\/wp\/v2\/product_cat?post=2814"},{"taxonomy":"product_tag","embeddable":true,"href":"https:\/\/www.sdvmodel.cz\/de\/wp-json\/wp\/v2\/product_tag?post=2814"}],"curies":[{"name":"wp","href":"https:\/\/api.w.org\/{rel}","templated":true}]}}