{"id":2810,"date":"2018-09-27T21:04:41","date_gmt":"2018-09-27T19:04:41","guid":{"rendered":"https:\/\/www.sdvmodel.cz\/?post_type=product&#038;p=2810"},"modified":"2026-04-01T21:01:55","modified_gmt":"2026-04-01T19:01:55","slug":"samovysypny-vuz-falls-11-csd-1120","status":"publish","type":"product","link":"https:\/\/www.sdvmodel.cz\/de\/produkt\/selbstentladewagen-falls-11-csd-1120\/","title":{"rendered":"Selbstentladewagen Falls 11 \u010cSD 1:120"},"content":{"rendered":"<p>Kompletter Bausatz des offenen Selbstentladewagens. Er enth\u00e4t Kunststoffteile f\u00fcr Bau des Modells einschlie\u00dflich Kurzkupplungskinematik, Kupplungen, <b>Metallrads\u00e4tze in h\u00f6chster Qualit\u00e4t<\/b>, \u00c4tzteile, Gewicht und Abziehbilder. Betreiber: \u010cSD, Epoche: IV.<\/p>","protected":false},"excerpt":{"rendered":"<p>Kompletter Bausatz des offenen Selbstentladewagens. Er enth\u00e4t Kunststoffteile f\u00fcr Bau des Modells einschlie\u00dflich Kurzkupplungskinematik, Kupplungen, Metallrads\u00e4tze in h\u00f6chster Qualit\u00e4t, \u00c4tzteile, Gewicht und Abziehbilder. Betreiber: \u010cSD, Epoche: IV.<\/p>\n","protected":false},"featured_media":2811,"template":"","meta":[],"product_brand":[],"product_cat":[42,67,43],"product_tag":[71],"class_list":{"0":"post-2810","1":"product","2":"type-product","3":"status-publish","4":"has-post-thumbnail","6":"product_cat-meritko-1120","7":"product_cat-samovysypne-vozy","8":"product_cat-zeleznicni-vozy-meritko-1120","9":"product_tag-csd","11":"first","12":"instock","13":"shipping-taxable","14":"purchasable","15":"product-type-simple"},"_links":{"self":[{"href":"https:\/\/www.sdvmodel.cz\/de\/wp-json\/wp\/v2\/product\/2810","targetHints":{"allow":["GET"]}}],"collection":[{"href":"https:\/\/www.sdvmodel.cz\/de\/wp-json\/wp\/v2\/product"}],"about":[{"href":"https:\/\/www.sdvmodel.cz\/de\/wp-json\/wp\/v2\/types\/product"}],"wp:featuredmedia":[{"embeddable":true,"href":"https:\/\/www.sdvmodel.cz\/de\/wp-json\/wp\/v2\/media\/2811"}],"wp:attachment":[{"href":"https:\/\/www.sdvmodel.cz\/de\/wp-json\/wp\/v2\/media?parent=2810"}],"wp:term":[{"taxonomy":"product_brand","embeddable":true,"href":"https:\/\/www.sdvmodel.cz\/de\/wp-json\/wp\/v2\/product_brand?post=2810"},{"taxonomy":"product_cat","embeddable":true,"href":"https:\/\/www.sdvmodel.cz\/de\/wp-json\/wp\/v2\/product_cat?post=2810"},{"taxonomy":"product_tag","embeddable":true,"href":"https:\/\/www.sdvmodel.cz\/de\/wp-json\/wp\/v2\/product_tag?post=2810"}],"curies":[{"name":"wp","href":"https:\/\/api.w.org\/{rel}","templated":true}]}}