{"id":274,"date":"2016-10-16T15:18:03","date_gmt":"2016-10-16T15:18:03","guid":{"rendered":"https:\/\/www.plastikovestavebnice.cz\/produkt\/tatra-813-4x4-tn-n26\/"},"modified":"2023-11-17T16:55:52","modified_gmt":"2023-11-17T15:55:52","slug":"tatra-813-4x4-tn-n26","status":"publish","type":"product","link":"https:\/\/www.sdvmodel.cz\/de\/produkt\/tatra-813-4x4-tn-n26\/","title":{"rendered":"Tatra 813 4&#215;4 TN, N26"},"content":{"rendered":"<p><\/p>\n<p>Taha\u010d s n\u00e1v\u011bsem N26 na has\u00edc\u00ed p\u011bnu. Model obsahuje probarven\u00e9 plastikov\u00e9 d\u00edly a maj\u00e1k. Stavebnice Tatry 813 je dod\u00e1v\u00e1na s nov\u00fdm podvozkem, nov\u00fdmi koly, nov\u00fdmi disky a  kovov\u00fdmi osi\u010dkami.<\/p>\n<p><\/p>","protected":false},"excerpt":{"rendered":"<p>Taha\u010d s n\u00e1v\u011bsem N26 na has\u00edc\u00ed p\u011bnu. Model obsahuje probarven\u00e9 plastikov\u00e9 d\u00edly a maj\u00e1k. Stavebnice Tatry 813 je dod\u00e1v\u00e1na s nov\u00fdm podvozkem, nov\u00fdmi koly, nov\u00fdmi disky a kovov\u00fdmi osi\u010dkami.<\/p>\n","protected":false},"featured_media":275,"template":"","meta":[],"product_brand":[],"product_cat":[70],"product_tag":[65],"class_list":{"0":"post-274","1":"product","2":"type-product","3":"status-publish","4":"has-post-thumbnail","6":"product_cat-nezarazene","7":"product_tag-tatra","9":"first","10":"outofstock","11":"sold-individually","12":"purchasable","13":"product-type-simple"},"_links":{"self":[{"href":"https:\/\/www.sdvmodel.cz\/de\/wp-json\/wp\/v2\/product\/274","targetHints":{"allow":["GET"]}}],"collection":[{"href":"https:\/\/www.sdvmodel.cz\/de\/wp-json\/wp\/v2\/product"}],"about":[{"href":"https:\/\/www.sdvmodel.cz\/de\/wp-json\/wp\/v2\/types\/product"}],"wp:featuredmedia":[{"embeddable":true,"href":"https:\/\/www.sdvmodel.cz\/de\/wp-json\/wp\/v2\/media\/275"}],"wp:attachment":[{"href":"https:\/\/www.sdvmodel.cz\/de\/wp-json\/wp\/v2\/media?parent=274"}],"wp:term":[{"taxonomy":"product_brand","embeddable":true,"href":"https:\/\/www.sdvmodel.cz\/de\/wp-json\/wp\/v2\/product_brand?post=274"},{"taxonomy":"product_cat","embeddable":true,"href":"https:\/\/www.sdvmodel.cz\/de\/wp-json\/wp\/v2\/product_cat?post=274"},{"taxonomy":"product_tag","embeddable":true,"href":"https:\/\/www.sdvmodel.cz\/de\/wp-json\/wp\/v2\/product_tag?post=274"}],"curies":[{"name":"wp","href":"https:\/\/api.w.org\/{rel}","templated":true}]}}