{"id":2487,"date":"2018-05-09T17:30:50","date_gmt":"2018-05-09T15:30:50","guid":{"rendered":"https:\/\/www.sdvmodel.cz\/?post_type=product&#038;p=2487"},"modified":"2025-01-30T11:02:36","modified_gmt":"2025-01-30T10:02:36","slug":"samovysypny-vuz-falls-54-viamont-1120","status":"publish","type":"product","link":"https:\/\/www.sdvmodel.cz\/de\/produkt\/selbstentladewagen-falls-54-viamont\/","title":{"rendered":"Selbstentladewagen Falls 54 Viamont 1:120"},"content":{"rendered":"<p>Kompletter Bausatz des offenen Selbstentladewagens. Er enth\u00e4t Kunststoffteile f\u00fcr Bau des Modells einschlie\u00dflich Kurzkupplungskinematik, Kupplungen, <b>Metallrads\u00e4tze in h\u00f6chster Qualit\u00e4t<\/b>, \u00c4tzteile, Gewicht und Abziehbilder. Betreiber: Viamont, Epoche: V.-VI.<\/p>","protected":false},"excerpt":{"rendered":"<p>Kompletter Bausatz des offenen Selbstentladewagens. Er enth\u00e4t Kunststoffteile f\u00fcr Bau des Modells einschlie\u00dflich Kurzkupplungskinematik, Kupplungen, Metallrads\u00e4tze in h\u00f6chster Qualit\u00e4t, \u00c4tzteile, Gewicht und Abziehbilder. Betreiber: Viamont, Epoche: V.-VI.<\/p>\n","protected":false},"featured_media":2488,"template":"","meta":[],"product_brand":[],"product_cat":[42,89,67,43],"product_tag":[],"class_list":{"0":"post-2487","1":"product","2":"type-product","3":"status-publish","4":"has-post-thumbnail","6":"product_cat-meritko-1120","7":"product_cat-posledni-kusy-1120","8":"product_cat-samovysypne-vozy","9":"product_cat-zeleznicni-vozy-meritko-1120","11":"first","12":"outofstock","13":"shipping-taxable","14":"purchasable","15":"product-type-simple"},"_links":{"self":[{"href":"https:\/\/www.sdvmodel.cz\/de\/wp-json\/wp\/v2\/product\/2487","targetHints":{"allow":["GET"]}}],"collection":[{"href":"https:\/\/www.sdvmodel.cz\/de\/wp-json\/wp\/v2\/product"}],"about":[{"href":"https:\/\/www.sdvmodel.cz\/de\/wp-json\/wp\/v2\/types\/product"}],"wp:featuredmedia":[{"embeddable":true,"href":"https:\/\/www.sdvmodel.cz\/de\/wp-json\/wp\/v2\/media\/2488"}],"wp:attachment":[{"href":"https:\/\/www.sdvmodel.cz\/de\/wp-json\/wp\/v2\/media?parent=2487"}],"wp:term":[{"taxonomy":"product_brand","embeddable":true,"href":"https:\/\/www.sdvmodel.cz\/de\/wp-json\/wp\/v2\/product_brand?post=2487"},{"taxonomy":"product_cat","embeddable":true,"href":"https:\/\/www.sdvmodel.cz\/de\/wp-json\/wp\/v2\/product_cat?post=2487"},{"taxonomy":"product_tag","embeddable":true,"href":"https:\/\/www.sdvmodel.cz\/de\/wp-json\/wp\/v2\/product_tag?post=2487"}],"curies":[{"name":"wp","href":"https:\/\/api.w.org\/{rel}","templated":true}]}}