{"id":2469,"date":"2018-05-09T17:04:28","date_gmt":"2018-05-09T15:04:28","guid":{"rendered":"https:\/\/www.sdvmodel.cz\/?post_type=product&#038;p=2469"},"modified":"2025-01-01T10:01:34","modified_gmt":"2025-01-01T09:01:34","slug":"tatra-813-6x6-tp-sdh-drinov-187","status":"publish","type":"product","link":"https:\/\/www.sdvmodel.cz\/de\/produkt\/tatra-813-6x6-tp-ortsfeuerwehr-drinov-187\/","title":{"rendered":"Tatra 813 6&#215;6 TP Ortsfeuerwehr D\u0159\u00ednov 1:87"},"content":{"rendered":"<p>Kompletter Plastikbausatz. Dieser Bausatz enthaltet Plastikteile f\u00fcr Zusammnebau des Models inkl. Metallachsen und Abziehbilder.<\/p>\n<p><strong><span id=\"result_box\" class=\"short_text\" lang=\"de\"><span class=\"\">\u00a0<\/span><\/span><\/strong>Kompletter Plastikbausatz. Dieser Bausatz enthaltet Plastikteile f\u00fcr Zusammnebau des Models inkl. Metallachsen und Abziehbilder.<\/p>\n<p><strong><span id=\"result_box\" class=\"short_text\" lang=\"de\"><span class=\"\">\u00a0<\/span><\/span><\/strong><\/p>","protected":false},"excerpt":{"rendered":"<p>Kompletter Plastikbausatz. Dieser Bausatz enthaltet Plastikteile f\u00fcr Zusammnebau des Models inkl. Metallachsen und Abziehbilder. \u00a0Kompletter Plastikbausatz. Dieser Bausatz enthaltet Plastikteile f\u00fcr Zusammnebau des Models inkl. Metallachsen und Abziehbilder. \u00a0<\/p>\n","protected":false},"featured_media":2470,"template":"","meta":[],"product_brand":[],"product_cat":[20,22,14],"product_tag":[65],"class_list":{"0":"post-2469","1":"product","2":"type-product","3":"status-publish","4":"has-post-thumbnail","6":"product_cat-meritko-187","7":"product_cat-nakladni-vozidla","8":"product_cat-posledni-kusy-187","9":"product_tag-tatra","11":"first","12":"outofstock","13":"purchasable","14":"product-type-simple"},"_links":{"self":[{"href":"https:\/\/www.sdvmodel.cz\/de\/wp-json\/wp\/v2\/product\/2469","targetHints":{"allow":["GET"]}}],"collection":[{"href":"https:\/\/www.sdvmodel.cz\/de\/wp-json\/wp\/v2\/product"}],"about":[{"href":"https:\/\/www.sdvmodel.cz\/de\/wp-json\/wp\/v2\/types\/product"}],"wp:featuredmedia":[{"embeddable":true,"href":"https:\/\/www.sdvmodel.cz\/de\/wp-json\/wp\/v2\/media\/2470"}],"wp:attachment":[{"href":"https:\/\/www.sdvmodel.cz\/de\/wp-json\/wp\/v2\/media?parent=2469"}],"wp:term":[{"taxonomy":"product_brand","embeddable":true,"href":"https:\/\/www.sdvmodel.cz\/de\/wp-json\/wp\/v2\/product_brand?post=2469"},{"taxonomy":"product_cat","embeddable":true,"href":"https:\/\/www.sdvmodel.cz\/de\/wp-json\/wp\/v2\/product_cat?post=2469"},{"taxonomy":"product_tag","embeddable":true,"href":"https:\/\/www.sdvmodel.cz\/de\/wp-json\/wp\/v2\/product_tag?post=2469"}],"curies":[{"name":"wp","href":"https:\/\/api.w.org\/{rel}","templated":true}]}}