{"id":2244,"date":"2018-01-20T23:11:12","date_gmt":"2018-01-20T22:11:12","guid":{"rendered":"https:\/\/www.plastikovestavebnice.cz\/?post_type=product&#038;p=2244"},"modified":"2026-03-07T10:25:05","modified_gmt":"2026-03-07T09:25:05","slug":"analogove-osvetleni-pro-sluzebni-vuz-dsd-1120","status":"publish","type":"product","link":"https:\/\/www.sdvmodel.cz\/de\/produkt\/analoge-beleuchtung-fur-dsd\/","title":{"rendered":"Analoge Beleuchtung f\u00fcr Gep\u00e4ckwagen &#8222;Ryb\u00e1k&#8220; 1:120"},"content":{"rendered":"<p>Analoge Beleuchtung f\u00fcr alle <span class=\"entry-headline-text\">Gep\u00e4ckwagen &#8222;Ryb\u00e1k&#8220;.<br \/>\n<\/span><\/p>","protected":false},"excerpt":{"rendered":"<p>Analoge Beleuchtung f\u00fcr alle Gep\u00e4ckwagen &#8222;Ryb\u00e1k&#8220;.<\/p>\n","protected":false},"featured_media":1932,"template":"","meta":[],"product_brand":[],"product_cat":[45,42],"product_tag":[],"class_list":{"0":"post-2244","1":"product","2":"type-product","3":"status-publish","4":"has-post-thumbnail","6":"product_cat-doplnky-meritko-1120","7":"product_cat-meritko-1120","9":"first","10":"outofstock","11":"purchasable","12":"product-type-simple"},"_links":{"self":[{"href":"https:\/\/www.sdvmodel.cz\/de\/wp-json\/wp\/v2\/product\/2244","targetHints":{"allow":["GET"]}}],"collection":[{"href":"https:\/\/www.sdvmodel.cz\/de\/wp-json\/wp\/v2\/product"}],"about":[{"href":"https:\/\/www.sdvmodel.cz\/de\/wp-json\/wp\/v2\/types\/product"}],"wp:featuredmedia":[{"embeddable":true,"href":"https:\/\/www.sdvmodel.cz\/de\/wp-json\/wp\/v2\/media\/1932"}],"wp:attachment":[{"href":"https:\/\/www.sdvmodel.cz\/de\/wp-json\/wp\/v2\/media?parent=2244"}],"wp:term":[{"taxonomy":"product_brand","embeddable":true,"href":"https:\/\/www.sdvmodel.cz\/de\/wp-json\/wp\/v2\/product_brand?post=2244"},{"taxonomy":"product_cat","embeddable":true,"href":"https:\/\/www.sdvmodel.cz\/de\/wp-json\/wp\/v2\/product_cat?post=2244"},{"taxonomy":"product_tag","embeddable":true,"href":"https:\/\/www.sdvmodel.cz\/de\/wp-json\/wp\/v2\/product_tag?post=2244"}],"curies":[{"name":"wp","href":"https:\/\/api.w.org\/{rel}","templated":true}]}}