{"id":2165,"date":"2017-11-13T23:51:55","date_gmt":"2017-11-13T22:51:55","guid":{"rendered":"https:\/\/www.plastikovestavebnice.cz\/?post_type=product&#038;p=2165"},"modified":"2026-03-31T14:36:25","modified_gmt":"2026-03-31T12:36:25","slug":"osobni-vuz-be-rybak-csd-8-oken-1120-2","status":"publish","type":"product","link":"https:\/\/www.sdvmodel.cz\/de\/produkt\/personenwagen-be-rybak-csd-8-fenster-1120-2\/","title":{"rendered":"Personenwagen Be \u201eRyb\u00e1k\u201c \u010cSD, 8 Fenster 1:120"},"content":{"rendered":"<p>Kompletter Bausatz des Personenwagens. Er enth\u00e4t Kunststoffteile f\u00fcr Bau des Modells einschlie\u00dflich Kurzkupplungskinematik, Kupplungen, <b>Metallrads\u00e4tze in h\u00f6chster Qualit\u00e4t<\/b>, \u00c4tzteile, Gewicht und Abziehbilder. Betreiber: \u010cSD, Epoche: III.<\/p>","protected":false},"excerpt":{"rendered":"<p>Kompletter Bausatz des Personenwagens. Er enth\u00e4t Kunststoffteile f\u00fcr Bau des Modells einschlie\u00dflich Kurzkupplungskinematik, Kupplungen, Metallrads\u00e4tze in h\u00f6chster Qualit\u00e4t, \u00c4tzteile, Gewicht und Abziehbilder. Betreiber: \u010cSD, Epoche: III.<\/p>\n","protected":false},"featured_media":2166,"template":"","meta":[],"product_brand":[],"product_cat":[43,47],"product_tag":[71,79],"class_list":{"0":"post-2165","1":"product","2":"type-product","3":"status-publish","4":"has-post-thumbnail","6":"product_cat-zeleznicni-vozy-meritko-1120","7":"product_cat-osobni-vozy","8":"product_tag-csd","9":"product_tag-rybak","11":"first","12":"instock","13":"shipping-taxable","14":"purchasable","15":"product-type-simple"},"_links":{"self":[{"href":"https:\/\/www.sdvmodel.cz\/de\/wp-json\/wp\/v2\/product\/2165","targetHints":{"allow":["GET"]}}],"collection":[{"href":"https:\/\/www.sdvmodel.cz\/de\/wp-json\/wp\/v2\/product"}],"about":[{"href":"https:\/\/www.sdvmodel.cz\/de\/wp-json\/wp\/v2\/types\/product"}],"wp:featuredmedia":[{"embeddable":true,"href":"https:\/\/www.sdvmodel.cz\/de\/wp-json\/wp\/v2\/media\/2166"}],"wp:attachment":[{"href":"https:\/\/www.sdvmodel.cz\/de\/wp-json\/wp\/v2\/media?parent=2165"}],"wp:term":[{"taxonomy":"product_brand","embeddable":true,"href":"https:\/\/www.sdvmodel.cz\/de\/wp-json\/wp\/v2\/product_brand?post=2165"},{"taxonomy":"product_cat","embeddable":true,"href":"https:\/\/www.sdvmodel.cz\/de\/wp-json\/wp\/v2\/product_cat?post=2165"},{"taxonomy":"product_tag","embeddable":true,"href":"https:\/\/www.sdvmodel.cz\/de\/wp-json\/wp\/v2\/product_tag?post=2165"}],"curies":[{"name":"wp","href":"https:\/\/api.w.org\/{rel}","templated":true}]}}