{"id":2138,"date":"2017-11-06T21:53:20","date_gmt":"2017-11-06T20:53:20","guid":{"rendered":"https:\/\/www.plastikovestavebnice.cz\/?post_type=product&#038;p=2138"},"modified":"2025-12-16T21:53:03","modified_gmt":"2025-12-16T20:53:03","slug":"cirkusove-nakladni-privesy-2-kusy-187","status":"publish","type":"product","link":"https:\/\/www.sdvmodel.cz\/de\/produkt\/zirkus-anhanger-2-stuck-187\/","title":{"rendered":"Zirkus Anh\u00e4nger, 2 St\u00fcck 1:87"},"content":{"rendered":"<p>Kompletter Plastikbausatz. Dieser Bausatz enthaltet Plastikteile f\u00fcr Zusammnebau von illustrierten Modellen inkl. Metallachsen.<\/p>","protected":false},"excerpt":{"rendered":"<p>Kompletter Plastikbausatz. Dieser Bausatz enthaltet Plastikteile f\u00fcr Zusammnebau von illustrierten Modellen inkl. Metallachsen.<\/p>\n","protected":false},"featured_media":2135,"template":"","meta":[],"product_brand":[],"product_cat":[20,28,24,27],"product_tag":[94],"class_list":{"0":"post-2138","1":"product","2":"type-product","3":"status-publish","4":"has-post-thumbnail","6":"product_cat-meritko-187","7":"product_cat-soupravy-sety","8":"product_cat-vleky-privesy-navesy","9":"product_cat-cirkus","10":"product_tag-bez-nutnosti-barvit","12":"first","13":"instock","14":"shipping-taxable","15":"purchasable","16":"product-type-simple"},"_links":{"self":[{"href":"https:\/\/www.sdvmodel.cz\/de\/wp-json\/wp\/v2\/product\/2138","targetHints":{"allow":["GET"]}}],"collection":[{"href":"https:\/\/www.sdvmodel.cz\/de\/wp-json\/wp\/v2\/product"}],"about":[{"href":"https:\/\/www.sdvmodel.cz\/de\/wp-json\/wp\/v2\/types\/product"}],"wp:featuredmedia":[{"embeddable":true,"href":"https:\/\/www.sdvmodel.cz\/de\/wp-json\/wp\/v2\/media\/2135"}],"wp:attachment":[{"href":"https:\/\/www.sdvmodel.cz\/de\/wp-json\/wp\/v2\/media?parent=2138"}],"wp:term":[{"taxonomy":"product_brand","embeddable":true,"href":"https:\/\/www.sdvmodel.cz\/de\/wp-json\/wp\/v2\/product_brand?post=2138"},{"taxonomy":"product_cat","embeddable":true,"href":"https:\/\/www.sdvmodel.cz\/de\/wp-json\/wp\/v2\/product_cat?post=2138"},{"taxonomy":"product_tag","embeddable":true,"href":"https:\/\/www.sdvmodel.cz\/de\/wp-json\/wp\/v2\/product_tag?post=2138"}],"curies":[{"name":"wp","href":"https:\/\/api.w.org\/{rel}","templated":true}]}}