{"id":1931,"date":"2016-10-16T19:01:57","date_gmt":"2016-10-16T17:01:57","guid":{"rendered":"https:\/\/www.plastikovestavebnice.cz\/produkt\/analogove-osvetleni-pro-osobni-vuz-be-1120\/"},"modified":"2026-04-21T11:45:39","modified_gmt":"2026-04-21T09:45:39","slug":"analogove-osvetleni-pro-osobni-vuz-be-1120","status":"publish","type":"product","link":"https:\/\/www.sdvmodel.cz\/de\/produkt\/analoge-beleuchtung-fur-personenwagen-be-8-fenster-1120\/","title":{"rendered":"Analoge Beleuchtung f\u00fcr Personenwagen &#8222;Ryb\u00e1k&#8220;, 8 Fenster 1:120"},"content":{"rendered":"<p>Analoge Beleuchtung f\u00fcr Personenwagen &#8222;Ryb\u00e1k&#8220;, 8 Fenster.Analoge Beleuchtung f\u00fcr Personenwagen &#8222;Ryb\u00e1k&#8220;, 8 Fenster.<\/p>","protected":false},"excerpt":{"rendered":"<p>Analoge Beleuchtung f\u00fcr Personenwagen &#8222;Ryb\u00e1k&#8220;, 8 Fenster.Analoge Beleuchtung f\u00fcr Personenwagen &#8222;Ryb\u00e1k&#8220;, 8 Fenster.<\/p>\n","protected":false},"featured_media":1932,"template":"","meta":[],"product_brand":[],"product_cat":[45,42],"product_tag":[],"class_list":{"0":"post-1931","1":"product","2":"type-product","3":"status-publish","4":"has-post-thumbnail","6":"product_cat-doplnky-meritko-1120","7":"product_cat-meritko-1120","9":"first","10":"instock","11":"purchasable","12":"product-type-simple"},"_links":{"self":[{"href":"https:\/\/www.sdvmodel.cz\/de\/wp-json\/wp\/v2\/product\/1931","targetHints":{"allow":["GET"]}}],"collection":[{"href":"https:\/\/www.sdvmodel.cz\/de\/wp-json\/wp\/v2\/product"}],"about":[{"href":"https:\/\/www.sdvmodel.cz\/de\/wp-json\/wp\/v2\/types\/product"}],"wp:featuredmedia":[{"embeddable":true,"href":"https:\/\/www.sdvmodel.cz\/de\/wp-json\/wp\/v2\/media\/1932"}],"wp:attachment":[{"href":"https:\/\/www.sdvmodel.cz\/de\/wp-json\/wp\/v2\/media?parent=1931"}],"wp:term":[{"taxonomy":"product_brand","embeddable":true,"href":"https:\/\/www.sdvmodel.cz\/de\/wp-json\/wp\/v2\/product_brand?post=1931"},{"taxonomy":"product_cat","embeddable":true,"href":"https:\/\/www.sdvmodel.cz\/de\/wp-json\/wp\/v2\/product_cat?post=1931"},{"taxonomy":"product_tag","embeddable":true,"href":"https:\/\/www.sdvmodel.cz\/de\/wp-json\/wp\/v2\/product_tag?post=1931"}],"curies":[{"name":"wp","href":"https:\/\/api.w.org\/{rel}","templated":true}]}}