{"id":1927,"date":"2016-10-16T19:01:57","date_gmt":"2016-10-16T17:01:57","guid":{"rendered":"https:\/\/www.plastikovestavebnice.cz\/produkt\/sada-kulatych-narazniku-1120\/"},"modified":"2026-03-28T17:00:58","modified_gmt":"2026-03-28T16:00:58","slug":"sada-kulatych-narazniku-1120","status":"publish","type":"product","link":"https:\/\/www.sdvmodel.cz\/de\/produkt\/8-puffer-1120\/","title":{"rendered":"8 Puffer 1:120"},"content":{"rendered":"<p>Stavebnice osmi kus\u016f trubkov\u00fdch n\u00e1razn\u00edk\u016f s kulat\u00fdm tal\u00ed\u0159em. N\u00e1razn\u00edky je mo\u017en\u00e9 sestavit v proveden\u00ed, kdy je jeden tal\u00ed\u0159 na \u010dele vozidla rovn\u00fd a druh\u00fd vypoukl\u00fd, nebo\u00a0 je mo\u017en\u00e9 sestavit oba vypoukl\u00e9.<\/p>","protected":false},"excerpt":{"rendered":"<p>Stavebnice osmi kus\u016f trubkov\u00fdch n\u00e1razn\u00edk\u016f s kulat\u00fdm tal\u00ed\u0159em. N\u00e1razn\u00edky je mo\u017en\u00e9 sestavit v proveden\u00ed, kdy je jeden tal\u00ed\u0159 na \u010dele vozidla rovn\u00fd a druh\u00fd vypoukl\u00fd, nebo\u00a0 je mo\u017en\u00e9 sestavit oba vypoukl\u00e9.<\/p>\n","protected":false},"featured_media":1928,"template":"","meta":[],"product_brand":[],"product_cat":[45,42],"product_tag":[],"class_list":{"0":"post-1927","1":"product","2":"type-product","3":"status-publish","4":"has-post-thumbnail","6":"product_cat-doplnky-meritko-1120","7":"product_cat-meritko-1120","9":"first","10":"instock","11":"purchasable","12":"product-type-simple"},"_links":{"self":[{"href":"https:\/\/www.sdvmodel.cz\/de\/wp-json\/wp\/v2\/product\/1927","targetHints":{"allow":["GET"]}}],"collection":[{"href":"https:\/\/www.sdvmodel.cz\/de\/wp-json\/wp\/v2\/product"}],"about":[{"href":"https:\/\/www.sdvmodel.cz\/de\/wp-json\/wp\/v2\/types\/product"}],"wp:featuredmedia":[{"embeddable":true,"href":"https:\/\/www.sdvmodel.cz\/de\/wp-json\/wp\/v2\/media\/1928"}],"wp:attachment":[{"href":"https:\/\/www.sdvmodel.cz\/de\/wp-json\/wp\/v2\/media?parent=1927"}],"wp:term":[{"taxonomy":"product_brand","embeddable":true,"href":"https:\/\/www.sdvmodel.cz\/de\/wp-json\/wp\/v2\/product_brand?post=1927"},{"taxonomy":"product_cat","embeddable":true,"href":"https:\/\/www.sdvmodel.cz\/de\/wp-json\/wp\/v2\/product_cat?post=1927"},{"taxonomy":"product_tag","embeddable":true,"href":"https:\/\/www.sdvmodel.cz\/de\/wp-json\/wp\/v2\/product_tag?post=1927"}],"curies":[{"name":"wp","href":"https:\/\/api.w.org\/{rel}","templated":true}]}}