{"id":1906,"date":"2016-10-16T17:01:57","date_gmt":"2016-10-16T15:01:57","guid":{"rendered":"https:\/\/www.plastikovestavebnice.cz\/produkt\/otevreny-vuz-eas-11-zsrzssk-1120\/"},"modified":"2025-01-01T10:12:20","modified_gmt":"2025-01-01T09:12:20","slug":"otevreny-vuz-eas-11-zsrzssk-1120","status":"publish","type":"product","link":"https:\/\/www.sdvmodel.cz\/de\/produkt\/offener-guterwagen-eas-11-zsrzssk-1120\/","title":{"rendered":"Offener G\u00fcterwagen Eas 11 \u017dSR\/ZSSK 1:120"},"content":{"rendered":"<p>Kompletter Bausatz des offenen G\u00fcterwagens. Er enth\u00e4t Kunststoffteile f\u00fcr Bau des Modells einschlie\u00dflich Kurzkupplungskinematik, Kupplungen, Rads\u00e4tze und Ladungsimitation, \u00c4tzteile, Gewicht und Abziehbilder. Betreiber: \u017dSR, \u017dSSK a ZSSK-C, Epoche: V.-VI.<\/p>","protected":false},"excerpt":{"rendered":"<p>Kompletter Bausatz des offenen G\u00fcterwagens. Er enth\u00e4t Kunststoffteile f\u00fcr Bau des Modells einschlie\u00dflich Kurzkupplungskinematik, Kupplungen, Rads\u00e4tze und Ladungsimitation, \u00c4tzteile, Gewicht und Abziehbilder. Betreiber: \u017dSR, \u017dSSK a ZSSK-C, Epoche: V.-VI.<\/p>\n","protected":false},"featured_media":1907,"template":"","meta":[],"product_brand":[],"product_cat":[42,46,43],"product_tag":[],"class_list":{"0":"post-1906","1":"product","2":"type-product","3":"status-publish","4":"has-post-thumbnail","6":"product_cat-meritko-1120","7":"product_cat-otevrene-vozy","8":"product_cat-zeleznicni-vozy-meritko-1120","10":"first","11":"outofstock","12":"purchasable","13":"product-type-simple"},"_links":{"self":[{"href":"https:\/\/www.sdvmodel.cz\/de\/wp-json\/wp\/v2\/product\/1906","targetHints":{"allow":["GET"]}}],"collection":[{"href":"https:\/\/www.sdvmodel.cz\/de\/wp-json\/wp\/v2\/product"}],"about":[{"href":"https:\/\/www.sdvmodel.cz\/de\/wp-json\/wp\/v2\/types\/product"}],"wp:featuredmedia":[{"embeddable":true,"href":"https:\/\/www.sdvmodel.cz\/de\/wp-json\/wp\/v2\/media\/1907"}],"wp:attachment":[{"href":"https:\/\/www.sdvmodel.cz\/de\/wp-json\/wp\/v2\/media?parent=1906"}],"wp:term":[{"taxonomy":"product_brand","embeddable":true,"href":"https:\/\/www.sdvmodel.cz\/de\/wp-json\/wp\/v2\/product_brand?post=1906"},{"taxonomy":"product_cat","embeddable":true,"href":"https:\/\/www.sdvmodel.cz\/de\/wp-json\/wp\/v2\/product_cat?post=1906"},{"taxonomy":"product_tag","embeddable":true,"href":"https:\/\/www.sdvmodel.cz\/de\/wp-json\/wp\/v2\/product_tag?post=1906"}],"curies":[{"name":"wp","href":"https:\/\/api.w.org\/{rel}","templated":true}]}}