{"id":1896,"date":"2016-10-16T19:01:57","date_gmt":"2016-10-16T17:01:57","guid":{"rendered":"https:\/\/www.plastikovestavebnice.cz\/produkt\/otevreny-vuz-eas-11-csd-1120\/"},"modified":"2026-03-27T16:33:08","modified_gmt":"2026-03-27T15:33:08","slug":"otevreny-vuz-eas-11-csd-1120","status":"publish","type":"product","link":"https:\/\/www.sdvmodel.cz\/de\/produkt\/offener-guterwagen-eas-11-csd-1120\/","title":{"rendered":"Offener G\u00fcterwagen Eas 11 \u010cSD 1:120"},"content":{"rendered":"<p>Kompletter Bausatz des offenen G\u00fcterwagens. Er enth\u00e4t Kunststoffteile f\u00fcr Bau des Modells einschlie\u00dflich Kurzkupplungskinematik, Kupplungen, <b>Metallrads\u00e4tze in h\u00f6chster Qualit\u00e4t <\/b>und Ladungsimitation, \u00c4tzteile, Gewicht und Abziehbilder. Betreiber: \u010cSD, Epoche: IV.<\/p>","protected":false},"excerpt":{"rendered":"<p>Kompletter Bausatz des offenen G\u00fcterwagens. Er enth\u00e4t Kunststoffteile f\u00fcr Bau des Modells einschlie\u00dflich Kurzkupplungskinematik, Kupplungen, Metallrads\u00e4tze in h\u00f6chster Qualit\u00e4t und Ladungsimitation, \u00c4tzteile, Gewicht und Abziehbilder. Betreiber: \u010cSD, Epoche: IV.<\/p>\n","protected":false},"featured_media":1897,"template":"","meta":[],"product_brand":[],"product_cat":[42,43,46],"product_tag":[71],"class_list":{"0":"post-1896","1":"product","2":"type-product","3":"status-publish","4":"has-post-thumbnail","6":"product_cat-meritko-1120","7":"product_cat-zeleznicni-vozy-meritko-1120","8":"product_cat-otevrene-vozy","9":"product_tag-csd","11":"first","12":"instock","13":"purchasable","14":"product-type-simple"},"_links":{"self":[{"href":"https:\/\/www.sdvmodel.cz\/de\/wp-json\/wp\/v2\/product\/1896","targetHints":{"allow":["GET"]}}],"collection":[{"href":"https:\/\/www.sdvmodel.cz\/de\/wp-json\/wp\/v2\/product"}],"about":[{"href":"https:\/\/www.sdvmodel.cz\/de\/wp-json\/wp\/v2\/types\/product"}],"wp:featuredmedia":[{"embeddable":true,"href":"https:\/\/www.sdvmodel.cz\/de\/wp-json\/wp\/v2\/media\/1897"}],"wp:attachment":[{"href":"https:\/\/www.sdvmodel.cz\/de\/wp-json\/wp\/v2\/media?parent=1896"}],"wp:term":[{"taxonomy":"product_brand","embeddable":true,"href":"https:\/\/www.sdvmodel.cz\/de\/wp-json\/wp\/v2\/product_brand?post=1896"},{"taxonomy":"product_cat","embeddable":true,"href":"https:\/\/www.sdvmodel.cz\/de\/wp-json\/wp\/v2\/product_cat?post=1896"},{"taxonomy":"product_tag","embeddable":true,"href":"https:\/\/www.sdvmodel.cz\/de\/wp-json\/wp\/v2\/product_tag?post=1896"}],"curies":[{"name":"wp","href":"https:\/\/api.w.org\/{rel}","templated":true}]}}