{"id":1894,"date":"2016-10-16T19:01:57","date_gmt":"2016-10-16T17:01:57","guid":{"rendered":"https:\/\/www.plastikovestavebnice.cz\/produkt\/kovove-dvojkoli-83-mm-1120\/"},"modified":"2026-03-30T09:45:21","modified_gmt":"2026-03-30T07:45:21","slug":"kovove-dvojkoli-83-mm-1120","status":"publish","type":"product","link":"https:\/\/www.sdvmodel.cz\/de\/produkt\/metal-radsatze-83-mm-1120\/","title":{"rendered":"Metal Rads\u00e4tze 8,3 mm 1:120"},"content":{"rendered":"<p>Bestimmt f\u00fcr Es\/Vte, Zkks\/Rt, Zekks\/Rth, Kbkks, Zas\/Zaes a Be (Ryb\u00e1k), 1 St\u00fcck.Bestimmt f\u00fcr Es\/Vte, Zkks\/Rt, Zekks\/Rth, Kbkks, Zas\/Zaes a Be (Ryb\u00e1k), 1 St\u00fcck.<\/p>","protected":false},"excerpt":{"rendered":"<p>Bestimmt f\u00fcr Es\/Vte, Zkks\/Rt, Zekks\/Rth, Kbkks, Zas\/Zaes a Be (Ryb\u00e1k), 1 St\u00fcck.Bestimmt f\u00fcr Es\/Vte, Zkks\/Rt, Zekks\/Rth, Kbkks, Zas\/Zaes a Be (Ryb\u00e1k), 1 St\u00fcck.<\/p>\n","protected":false},"featured_media":1895,"template":"","meta":[],"product_brand":[],"product_cat":[42,45],"product_tag":[],"class_list":{"0":"post-1894","1":"product","2":"type-product","3":"status-publish","4":"has-post-thumbnail","6":"product_cat-meritko-1120","7":"product_cat-doplnky-meritko-1120","9":"first","10":"instock","11":"purchasable","12":"product-type-simple"},"_links":{"self":[{"href":"https:\/\/www.sdvmodel.cz\/de\/wp-json\/wp\/v2\/product\/1894","targetHints":{"allow":["GET"]}}],"collection":[{"href":"https:\/\/www.sdvmodel.cz\/de\/wp-json\/wp\/v2\/product"}],"about":[{"href":"https:\/\/www.sdvmodel.cz\/de\/wp-json\/wp\/v2\/types\/product"}],"wp:featuredmedia":[{"embeddable":true,"href":"https:\/\/www.sdvmodel.cz\/de\/wp-json\/wp\/v2\/media\/1895"}],"wp:attachment":[{"href":"https:\/\/www.sdvmodel.cz\/de\/wp-json\/wp\/v2\/media?parent=1894"}],"wp:term":[{"taxonomy":"product_brand","embeddable":true,"href":"https:\/\/www.sdvmodel.cz\/de\/wp-json\/wp\/v2\/product_brand?post=1894"},{"taxonomy":"product_cat","embeddable":true,"href":"https:\/\/www.sdvmodel.cz\/de\/wp-json\/wp\/v2\/product_cat?post=1894"},{"taxonomy":"product_tag","embeddable":true,"href":"https:\/\/www.sdvmodel.cz\/de\/wp-json\/wp\/v2\/product_tag?post=1894"}],"curies":[{"name":"wp","href":"https:\/\/api.w.org\/{rel}","templated":true}]}}