{"id":1888,"date":"2016-10-16T19:01:57","date_gmt":"2016-10-16T17:01:57","guid":{"rendered":"https:\/\/www.plastikovestavebnice.cz\/produkt\/otevreny-vuz-eas-51-cdcdc-1120\/"},"modified":"2026-04-07T20:25:27","modified_gmt":"2026-04-07T18:25:27","slug":"otevreny-vuz-eas-51-cdcdc-1120","status":"publish","type":"product","link":"https:\/\/www.sdvmodel.cz\/de\/produkt\/offener-guterwagen-eas-51-cdcdc-1120\/","title":{"rendered":"Offener G\u00fcterwagen Eas 51 \u010cD\/\u010cDC 1:120"},"content":{"rendered":"<p>Kompletter Bausatz des offenen G\u00fcterwagens. Er enth\u00e4t Kunststoffteile f\u00fcr Bau des Modells einschlie\u00dflich Kurzkupplungskinematik, Kupplungen, <b>Metallrads\u00e4tze in h\u00f6chster Qualit\u00e4t <\/b>und Ladungsimitation, \u00c4tzteile, Gewicht und Abziehbilder. Betreiber: \u010cD\/\u010cDC, Epoche: V.-VI.Kompletter Bausatz des offenen G\u00fcterwagens. Er enth\u00e4t Kunststoffteile f\u00fcr Bau des Modells einschlie\u00dflich Kurzkupplungskinematik, Kupplungen, <b>Metallrads\u00e4tze in h\u00f6chster Qualit\u00e4t <\/b>und Ladungsimitation, \u00c4tzteile, Gewicht und Abziehbilder. Betreiber: \u010cD\/\u010cDC, Epoche: V.-VI.<\/p>","protected":false},"excerpt":{"rendered":"<p>Kompletter Bausatz des offenen G\u00fcterwagens. Er enth\u00e4t Kunststoffteile f\u00fcr Bau des Modells einschlie\u00dflich Kurzkupplungskinematik, Kupplungen, Metallrads\u00e4tze in h\u00f6chster Qualit\u00e4t und Ladungsimitation, \u00c4tzteile, Gewicht und Abziehbilder. Betreiber: \u010cD\/\u010cDC, Epoche: V.-VI.Kompletter Bausatz des offenen G\u00fcterwagens. Er enth\u00e4t Kunststoffteile f\u00fcr Bau des Modells&#8230;<br \/><a class=\"read-more-button\" href=\"https:\/\/www.sdvmodel.cz\/de\/produkt\/offener-guterwagen-eas-51-cdcdc-1120\/\">Weiterlesen<\/a><\/p>\n","protected":false},"featured_media":1889,"template":"","meta":[],"product_brand":[],"product_cat":[42,43,46],"product_tag":[72],"class_list":{"0":"post-1888","1":"product","2":"type-product","3":"status-publish","4":"has-post-thumbnail","6":"product_cat-meritko-1120","7":"product_cat-zeleznicni-vozy-meritko-1120","8":"product_cat-otevrene-vozy","9":"product_tag-cd-cdc","11":"first","12":"instock","13":"purchasable","14":"product-type-simple"},"_links":{"self":[{"href":"https:\/\/www.sdvmodel.cz\/de\/wp-json\/wp\/v2\/product\/1888","targetHints":{"allow":["GET"]}}],"collection":[{"href":"https:\/\/www.sdvmodel.cz\/de\/wp-json\/wp\/v2\/product"}],"about":[{"href":"https:\/\/www.sdvmodel.cz\/de\/wp-json\/wp\/v2\/types\/product"}],"wp:featuredmedia":[{"embeddable":true,"href":"https:\/\/www.sdvmodel.cz\/de\/wp-json\/wp\/v2\/media\/1889"}],"wp:attachment":[{"href":"https:\/\/www.sdvmodel.cz\/de\/wp-json\/wp\/v2\/media?parent=1888"}],"wp:term":[{"taxonomy":"product_brand","embeddable":true,"href":"https:\/\/www.sdvmodel.cz\/de\/wp-json\/wp\/v2\/product_brand?post=1888"},{"taxonomy":"product_cat","embeddable":true,"href":"https:\/\/www.sdvmodel.cz\/de\/wp-json\/wp\/v2\/product_cat?post=1888"},{"taxonomy":"product_tag","embeddable":true,"href":"https:\/\/www.sdvmodel.cz\/de\/wp-json\/wp\/v2\/product_tag?post=1888"}],"curies":[{"name":"wp","href":"https:\/\/api.w.org\/{rel}","templated":true}]}}