{"id":1835,"date":"2016-10-16T16:58:51","date_gmt":"2016-10-16T16:58:51","guid":{"rendered":"https:\/\/www.plastikovestavebnice.cz\/produkt\/faccssas-1120\/"},"modified":"2025-01-01T10:12:24","modified_gmt":"2025-01-01T09:12:24","slug":"faccssas-1120","status":"publish","type":"product","link":"https:\/\/www.sdvmodel.cz\/de\/produkt\/faccssas-1120\/","title":{"rendered":"Faccs\/Sas 1:120"},"content":{"rendered":"<p>Plastikov\u00e1 stavebnice samov\u00fdsypn\u00e9ho vozu. Vagon je mo\u017en\u00e9 postavit v b\u011b\u017en\u00e9m  proveden\u00ed (Sas) nebo s uzav\u0159enou st\u0159echou (Sasz). Obsahuje podvozky a plastov\u00e1  dvojkol\u00ed, neobsahuje obtisk a sp\u0159\u00e1hla.<\/p>\n<p>n<\/p>\n<p>Stavebnice dod\u00e1v\u00e1na ve spolupr\u00e1ci s firmou LPM A Framo 120.<\/p>\n","protected":false},"excerpt":{"rendered":"<p>Plastikov\u00e1 stavebnice samov\u00fdsypn\u00e9ho vozu. Vagon je mo\u017en\u00e9 postavit v b\u011b\u017en\u00e9m proveden\u00ed (Sas) nebo s uzav\u0159enou st\u0159echou (Sasz). Obsahuje podvozky a plastov\u00e1 dvojkol\u00ed, neobsahuje obtisk a sp\u0159\u00e1hla. n Stavebnice dod\u00e1v\u00e1na ve spolupr\u00e1ci s firmou LPM A Framo 120.<\/p>\n","protected":false},"featured_media":1836,"template":"","meta":[],"product_brand":[],"product_cat":[70],"product_tag":[],"class_list":{"0":"post-1835","1":"product","2":"type-product","3":"status-publish","4":"has-post-thumbnail","6":"product_cat-nezarazene","8":"first","9":"outofstock","10":"sold-individually","11":"purchasable","12":"product-type-simple"},"_links":{"self":[{"href":"https:\/\/www.sdvmodel.cz\/de\/wp-json\/wp\/v2\/product\/1835","targetHints":{"allow":["GET"]}}],"collection":[{"href":"https:\/\/www.sdvmodel.cz\/de\/wp-json\/wp\/v2\/product"}],"about":[{"href":"https:\/\/www.sdvmodel.cz\/de\/wp-json\/wp\/v2\/types\/product"}],"wp:featuredmedia":[{"embeddable":true,"href":"https:\/\/www.sdvmodel.cz\/de\/wp-json\/wp\/v2\/media\/1836"}],"wp:attachment":[{"href":"https:\/\/www.sdvmodel.cz\/de\/wp-json\/wp\/v2\/media?parent=1835"}],"wp:term":[{"taxonomy":"product_brand","embeddable":true,"href":"https:\/\/www.sdvmodel.cz\/de\/wp-json\/wp\/v2\/product_brand?post=1835"},{"taxonomy":"product_cat","embeddable":true,"href":"https:\/\/www.sdvmodel.cz\/de\/wp-json\/wp\/v2\/product_cat?post=1835"},{"taxonomy":"product_tag","embeddable":true,"href":"https:\/\/www.sdvmodel.cz\/de\/wp-json\/wp\/v2\/product_tag?post=1835"}],"curies":[{"name":"wp","href":"https:\/\/api.w.org\/{rel}","templated":true}]}}