{"id":1788,"date":"2016-10-16T18:57:13","date_gmt":"2016-10-16T16:57:13","guid":{"rendered":"https:\/\/www.plastikovestavebnice.cz\/produkt\/sada-narazniku-pro-nakladni-vozy-1120-2\/"},"modified":"2026-04-29T18:25:47","modified_gmt":"2026-04-29T16:25:47","slug":"sada-narazniku-pro-nakladni-vozy-1120-2","status":"publish","type":"product","link":"https:\/\/www.sdvmodel.cz\/de\/produkt\/12-puffer-fur-guterwagen-1120\/","title":{"rendered":"12 Puffer f\u00fcr G\u00fcterwagen 1:120"},"content":{"rendered":"<p>12 Puffer f\u00fcr G\u00fcterwagen.<\/p>","protected":false},"excerpt":{"rendered":"<p>12 Puffer f\u00fcr G\u00fcterwagen.<\/p>\n","protected":false},"featured_media":1789,"template":"","meta":[],"product_brand":[],"product_cat":[42,45],"product_tag":[],"class_list":{"0":"post-1788","1":"product","2":"type-product","3":"status-publish","4":"has-post-thumbnail","6":"product_cat-meritko-1120","7":"product_cat-doplnky-meritko-1120","9":"first","10":"instock","11":"purchasable","12":"product-type-simple"},"_links":{"self":[{"href":"https:\/\/www.sdvmodel.cz\/de\/wp-json\/wp\/v2\/product\/1788","targetHints":{"allow":["GET"]}}],"collection":[{"href":"https:\/\/www.sdvmodel.cz\/de\/wp-json\/wp\/v2\/product"}],"about":[{"href":"https:\/\/www.sdvmodel.cz\/de\/wp-json\/wp\/v2\/types\/product"}],"wp:featuredmedia":[{"embeddable":true,"href":"https:\/\/www.sdvmodel.cz\/de\/wp-json\/wp\/v2\/media\/1789"}],"wp:attachment":[{"href":"https:\/\/www.sdvmodel.cz\/de\/wp-json\/wp\/v2\/media?parent=1788"}],"wp:term":[{"taxonomy":"product_brand","embeddable":true,"href":"https:\/\/www.sdvmodel.cz\/de\/wp-json\/wp\/v2\/product_brand?post=1788"},{"taxonomy":"product_cat","embeddable":true,"href":"https:\/\/www.sdvmodel.cz\/de\/wp-json\/wp\/v2\/product_cat?post=1788"},{"taxonomy":"product_tag","embeddable":true,"href":"https:\/\/www.sdvmodel.cz\/de\/wp-json\/wp\/v2\/product_tag?post=1788"}],"curies":[{"name":"wp","href":"https:\/\/api.w.org\/{rel}","templated":true}]}}