{"id":1738,"date":"2016-10-16T16:56:07","date_gmt":"2016-10-16T16:56:07","guid":{"rendered":"https:\/\/www.plastikovestavebnice.cz\/produkt\/cisternovy-vuz-zekkszkks-zsrzssk-1120\/"},"modified":"2025-01-01T10:12:28","modified_gmt":"2025-01-01T09:12:28","slug":"cisternovy-vuz-zekkszkks-zsrzssk-1120","status":"publish","type":"product","link":"https:\/\/www.sdvmodel.cz\/de\/produkt\/cisternovy-vuz-zekkszkks-zsrzssk-1120\/","title":{"rendered":"Cisternov\u00fd v\u016fz Zekks\/Zkks \u017dSR\/ZSSK 1:120"},"content":{"rendered":"<p>Kompletn\u00ed stavebnice cisternov\u00e9ho vozu. Obsahuje probarven\u00e9 rezinov\u00e9  odlitky,  kovov\u00e9 lepty, dvojkol\u00ed, plastikov\u00e9 v\u00fdlisky kinematik, sp\u0159\u00e1hla a  obtiskov\u00e9  ar\u0161\u00edky. Ze stavebnice je mo\u017en\u00e9 sestavit v\u016fz v proveden\u00ed s  vyt\u00e1p\u011bn\u00edm kotle Zekks  (Rth) nebo bez vyt\u00e1p\u011bn\u00ed Zkks (Rt). Provozovatel \u017dSR\/ZSSK, V\/IV.  epocha.<\/p>\n<p>n<\/p>\n<p>Recenze:<\/p>\n<p>n<\/p>\n<p><a href=\"http:\/\/www.mojett.cz\/?p=15107\">http:\/\/www.mojett.cz\/?p=15107 <\/a><\/p>\n<p>n<\/p>\n<p><a href=\"http:\/\/www.mojett.cz\/?p=15617\">http:\/\/www.mojett.cz\/?p=15617 <\/a><\/p>\n","protected":false},"excerpt":{"rendered":"<p>Kompletn\u00ed stavebnice cisternov\u00e9ho vozu. Obsahuje probarven\u00e9 rezinov\u00e9 odlitky, kovov\u00e9 lepty, dvojkol\u00ed, plastikov\u00e9 v\u00fdlisky kinematik, sp\u0159\u00e1hla a obtiskov\u00e9 ar\u0161\u00edky. Ze stavebnice je mo\u017en\u00e9 sestavit v\u016fz v proveden\u00ed s vyt\u00e1p\u011bn\u00edm kotle Zekks (Rth) nebo bez vyt\u00e1p\u011bn\u00ed Zkks (Rt). Provozovatel \u017dSR\/ZSSK, V\/IV. epocha&#8230;.<br \/><a class=\"read-more-button\" href=\"https:\/\/www.sdvmodel.cz\/de\/produkt\/cisternovy-vuz-zekkszkks-zsrzssk-1120\/\">Weiterlesen<\/a><\/p>\n","protected":false},"featured_media":1739,"template":"","meta":[],"product_brand":[],"product_cat":[70],"product_tag":[],"class_list":{"0":"post-1738","1":"product","2":"type-product","3":"status-publish","4":"has-post-thumbnail","6":"product_cat-nezarazene","8":"first","9":"outofstock","10":"sold-individually","11":"purchasable","12":"product-type-simple"},"_links":{"self":[{"href":"https:\/\/www.sdvmodel.cz\/de\/wp-json\/wp\/v2\/product\/1738","targetHints":{"allow":["GET"]}}],"collection":[{"href":"https:\/\/www.sdvmodel.cz\/de\/wp-json\/wp\/v2\/product"}],"about":[{"href":"https:\/\/www.sdvmodel.cz\/de\/wp-json\/wp\/v2\/types\/product"}],"wp:featuredmedia":[{"embeddable":true,"href":"https:\/\/www.sdvmodel.cz\/de\/wp-json\/wp\/v2\/media\/1739"}],"wp:attachment":[{"href":"https:\/\/www.sdvmodel.cz\/de\/wp-json\/wp\/v2\/media?parent=1738"}],"wp:term":[{"taxonomy":"product_brand","embeddable":true,"href":"https:\/\/www.sdvmodel.cz\/de\/wp-json\/wp\/v2\/product_brand?post=1738"},{"taxonomy":"product_cat","embeddable":true,"href":"https:\/\/www.sdvmodel.cz\/de\/wp-json\/wp\/v2\/product_cat?post=1738"},{"taxonomy":"product_tag","embeddable":true,"href":"https:\/\/www.sdvmodel.cz\/de\/wp-json\/wp\/v2\/product_tag?post=1738"}],"curies":[{"name":"wp","href":"https:\/\/api.w.org\/{rel}","templated":true}]}}