{"id":1715,"date":"2016-10-16T16:54:51","date_gmt":"2016-10-16T16:54:51","guid":{"rendered":"https:\/\/www.plastikovestavebnice.cz\/produkt\/mlok-2\/"},"modified":"2020-11-13T22:11:05","modified_gmt":"2020-11-13T21:11:05","slug":"mlok-2","status":"publish","type":"product","link":"https:\/\/www.sdvmodel.cz\/de\/produkt\/mlok-2\/","title":{"rendered":"MLOK-2"},"content":{"rendered":"<p>Mobiln\u00ed leti\u0161tn\u00ed osv\u011btlovac\u00ed komplet. Tatra 138, p\u0159\u00edv\u011bs A3J a elektrocentr\u00e1la. Stavebnice obsahuje plastikov\u00e9 v\u00fdlisky a obtisky. Doprodej.<\/p>\n","protected":false},"excerpt":{"rendered":"<p>Mobiln\u00ed leti\u0161tn\u00ed osv\u011btlovac\u00ed komplet. Tatra 138, p\u0159\u00edv\u011bs A3J a elektrocentr\u00e1la. Stavebnice obsahuje plastikov\u00e9 v\u00fdlisky a obtisky. Doprodej.<\/p>\n","protected":false},"featured_media":1716,"template":"","meta":[],"product_brand":[],"product_cat":[14],"product_tag":[65],"class_list":{"0":"post-1715","1":"product","2":"type-product","3":"status-publish","4":"has-post-thumbnail","6":"product_cat-posledni-kusy-187","7":"product_tag-tatra","9":"first","10":"outofstock","11":"sold-individually","12":"purchasable","13":"product-type-simple"},"_links":{"self":[{"href":"https:\/\/www.sdvmodel.cz\/de\/wp-json\/wp\/v2\/product\/1715","targetHints":{"allow":["GET"]}}],"collection":[{"href":"https:\/\/www.sdvmodel.cz\/de\/wp-json\/wp\/v2\/product"}],"about":[{"href":"https:\/\/www.sdvmodel.cz\/de\/wp-json\/wp\/v2\/types\/product"}],"wp:featuredmedia":[{"embeddable":true,"href":"https:\/\/www.sdvmodel.cz\/de\/wp-json\/wp\/v2\/media\/1716"}],"wp:attachment":[{"href":"https:\/\/www.sdvmodel.cz\/de\/wp-json\/wp\/v2\/media?parent=1715"}],"wp:term":[{"taxonomy":"product_brand","embeddable":true,"href":"https:\/\/www.sdvmodel.cz\/de\/wp-json\/wp\/v2\/product_brand?post=1715"},{"taxonomy":"product_cat","embeddable":true,"href":"https:\/\/www.sdvmodel.cz\/de\/wp-json\/wp\/v2\/product_cat?post=1715"},{"taxonomy":"product_tag","embeddable":true,"href":"https:\/\/www.sdvmodel.cz\/de\/wp-json\/wp\/v2\/product_tag?post=1715"}],"curies":[{"name":"wp","href":"https:\/\/api.w.org\/{rel}","templated":true}]}}